{"id":766,"date":"2024-10-28T13:09:50","date_gmt":"2024-10-28T13:09:50","guid":{"rendered":"https:\/\/business.miyeni.com\/?page_id=766"},"modified":"2024-10-28T13:09:50","modified_gmt":"2024-10-28T13:09:50","slug":"liste-des-projets","status":"publish","type":"page","link":"https:\/\/business.miyeni.com\/en\/liste-des-projets\/","title":{"rendered":"Liste des projets"},"content":{"rendered":"<section class=\"kc-elm kc-css-483838 kc_row\"><div class=\"kc-row-container  kc-container\"><div class=\"kc-wrap-columns\"><div class=\"kc-elm kc-css-825997 kc_col-sm-12 kc_column kc_col-sm-12\"><div class=\"kc-col-container\">\r\n<!--Causes Section-->\r\n<section class=\"causes-section causes-grid-page\">\r\n    <div class=\"auto-container\">\r\n        <div class=\"row clearfix\">\r\n        \t            <!--Causes Block-->\r\n            <div class=\"causes-block col-md-4 col-sm-6 col-xs-12\">\r\n                <div class=\"inner-box\">\r\n                    <div class=\"image\">\r\n                        <a href=\"https:\/\/business.miyeni.com\/en\/campaigns\/autonomisation-des-femmes-sourdes-en-cote-divoire\/\"><img loading=\"lazy\" decoding=\"async\" width=\"354\" height=\"230\" src=\"https:\/\/business.miyeni.com\/wp-content\/uploads\/2024\/10\/financement_anasoci-354x230.jpg\" class=\"attachment-huminity_354x230 size-huminity_354x230 wp-post-image\" alt=\"\" \/><\/a>\r\n                    <\/div>\r\n                    <div class=\"lower-box\">\r\n                        <div class=\"content\">\r\n                            <h3><a href=\"https:\/\/business.miyeni.com\/en\/campaigns\/autonomisation-des-femmes-sourdes-en-cote-divoire\/\">Autonomisation des femmes sourdes en C\u00f4te d&rsquo;ivoire<\/a><\/h3>\r\n                            <div class=\"text\">Le projet Nom du projet : OUKAL\u00e8 Zone d\u2019intervention : ABOBO Cible : 20 femmes sourdes ivoiriennes, \u00e2g\u00e9es de 18 \u00e0 35 ans Dur\u00e9e : 6 mois Budget : 35 ...<\/div>\r\n                            <div class=\"donate-bar wow fadeIn\" data-wow-delay=\"0ms\" data-wow-duration=\"0ms\">\r\n                                <div class=\"bar-inner\">\r\n                                    <div class=\"bar\" style=\"width:0%;\">\r\n                                        <div class=\"count-box\"><span class=\"count-text\" data-speed=\"2000\" data-stop=\"0\">0<\/span>%<\/div>\r\n                                    <\/div>\r\n                                <\/div>\r\n                            <\/div>\r\n                            <div class=\"causes-info\"><\/div>\r\n                        <\/div>\r\n                    <\/div>\r\n                <\/div>\r\n            <\/div>\r\n                    <\/div>\r\n        \r\n        <!-- Styled Pagination -->\r\n        <div class=\"styled-pagination text-center\">\r\n            <div class=\"clearfix\">\r\n                            <\/div>\r\n        <\/div>\r\n    <\/div>\r\n<\/section>\r\n<!--End Causes Section-->\r\n\r\n<\/div><\/div><\/div><\/div><\/section>","protected":false},"excerpt":{"rendered":"","protected":false},"author":2,"featured_media":0,"parent":0,"menu_order":0,"comment_status":"closed","ping_status":"closed","template":"tpl-king_composer.php","meta":{"footnotes":""},"class_list":["post-766","page","type-page","status-publish","hentry","campaign-has-goal","campaign-has-not-achieved-goal","campaign-is-endless"],"jetpack_sharing_enabled":true,"_links":{"self":[{"href":"https:\/\/business.miyeni.com\/en\/wp-json\/wp\/v2\/pages\/766"}],"collection":[{"href":"https:\/\/business.miyeni.com\/en\/wp-json\/wp\/v2\/pages"}],"about":[{"href":"https:\/\/business.miyeni.com\/en\/wp-json\/wp\/v2\/types\/page"}],"author":[{"embeddable":true,"href":"https:\/\/business.miyeni.com\/en\/wp-json\/wp\/v2\/users\/2"}],"replies":[{"embeddable":true,"href":"https:\/\/business.miyeni.com\/en\/wp-json\/wp\/v2\/comments?post=766"}],"version-history":[{"count":2,"href":"https:\/\/business.miyeni.com\/en\/wp-json\/wp\/v2\/pages\/766\/revisions"}],"predecessor-version":[{"id":768,"href":"https:\/\/business.miyeni.com\/en\/wp-json\/wp\/v2\/pages\/766\/revisions\/768"}],"wp:attachment":[{"href":"https:\/\/business.miyeni.com\/en\/wp-json\/wp\/v2\/media?parent=766"}],"curies":[{"name":"wp","href":"https:\/\/api.w.org\/{rel}","templated":true}]}}