{"id":754,"date":"2024-10-28T11:48:33","date_gmt":"2024-10-28T11:48:33","guid":{"rendered":"https:\/\/business.miyeni.com\/?page_id=754"},"modified":"2024-10-28T11:51:56","modified_gmt":"2024-10-28T11:51:56","slug":"causes","status":"publish","type":"page","link":"https:\/\/business.miyeni.com\/en\/causes\/","title":{"rendered":"Causes"},"content":{"rendered":"<section class=\"kc-elm kc-css-79846 kc_row\"><div class=\"kc-row-container  kc-container\"><div class=\"kc-wrap-columns\"><div class=\"kc-elm kc-css-9824 kc_col-sm-12 kc_column kc_col-sm-12\"><div class=\"kc-col-container\">\r\n<!--Causes Section-->\r\n<section class=\"causes-section causes-grid-page\">\r\n    <div class=\"auto-container\">\r\n        <div class=\"row clearfix\">\r\n        \t            <!--Causes Block-->\r\n            <div class=\"causes-block col-md-4 col-sm-6 col-xs-12\">\r\n                <div class=\"inner-box\">\r\n                    <div class=\"image\">\r\n                        <a href=\"https:\/\/business.miyeni.com\/en\/campaigns\/kits_scolaires-enfants-defavorises-csne\/\"><img loading=\"lazy\" decoding=\"async\" width=\"354\" height=\"230\" src=\"https:\/\/business.miyeni.com\/wp-content\/uploads\/2024\/10\/campagne_csne_kits_scolaire-354x230.png\" class=\"attachment-huminity_354x230 size-huminity_354x230 wp-post-image\" alt=\"\" \/><\/a>\r\n                    <\/div>\r\n                    <div class=\"lower-box\">\r\n                        <div class=\"content\">\r\n                            <h3><a href=\"https:\/\/business.miyeni.com\/en\/campaigns\/kits_scolaires-enfants-defavorises-csne\/\">Kits scolaires pour enfants d\u00e9favoris\u00e9s<\/a><\/h3>\r\n                            <div class=\"text\">Who is MIYENI? The S\u0153ur Maria nursery in Soubr\u00e9 (C\u00f4te d'Ivoire), set up in 2009, takes in children whose birth poses a problem for their families. Indeed, most of the infants ...<\/div>\r\n                            <div class=\"donate-bar wow fadeIn\" data-wow-delay=\"0ms\" data-wow-duration=\"0ms\">\r\n                                <div class=\"bar-inner\">\r\n                                    <div class=\"bar\" style=\"width:0%;\">\r\n                                        <div class=\"count-box\"><span class=\"count-text\" data-speed=\"2000\" data-stop=\"0\">0<\/span>%<\/div>\r\n                                    <\/div>\r\n                                <\/div>\r\n                            <\/div>\r\n                            <div class=\"causes-info\"><span class=\"amount\">0&nbsp;F CFA<\/span> donated of <span class=\"goal-amount\">5 316 000&nbsp;F CFA<\/span> goal<\/div>\r\n                        <\/div>\r\n                    <\/div>\r\n                <\/div>\r\n            <\/div>\r\n                        <!--Causes Block-->\r\n            <div class=\"causes-block col-md-4 col-sm-6 col-xs-12\">\r\n                <div class=\"inner-box\">\r\n                    <div class=\"image\">\r\n                        <a href=\"https:\/\/business.miyeni.com\/en\/campaigns\/collecte-de-fonds-pouponniere-soeur-maria-soubre\/\"><img loading=\"lazy\" decoding=\"async\" width=\"354\" height=\"230\" src=\"https:\/\/business.miyeni.com\/wp-content\/uploads\/2024\/10\/CF_MIYENI_1-354x230.jpeg\" class=\"attachment-huminity_354x230 size-huminity_354x230 wp-post-image\" alt=\"\" \/><\/a>\r\n                    <\/div>\r\n                    <div class=\"lower-box\">\r\n                        <div class=\"content\">\r\n                            <h3><a href=\"https:\/\/business.miyeni.com\/en\/campaigns\/collecte-de-fonds-pouponniere-soeur-maria-soubre\/\">S\u0153ur Maria de Soubr\u00e9 nursery<\/a><\/h3>\r\n                            <div class=\"text\">Who is MIYENI? The S\u0153ur Maria nursery in Soubr\u00e9 (C\u00f4te d'Ivoire), set up in 2009, takes in children whose birth poses a problem for their families. Indeed, most of the infants ...<\/div>\r\n                            <div class=\"donate-bar wow fadeIn\" data-wow-delay=\"0ms\" data-wow-duration=\"0ms\">\r\n                                <div class=\"bar-inner\">\r\n                                    <div class=\"bar\" style=\"width:59.834677419355%;\">\r\n                                        <div class=\"count-box\"><span class=\"count-text\" data-speed=\"2000\" data-stop=\"59.834677419355\">59.834677419355<\/span>%<\/div>\r\n                                    <\/div>\r\n                                <\/div>\r\n                            <\/div>\r\n                            <div class=\"causes-info\"><\/div>\r\n                        <\/div>\r\n                    <\/div>\r\n                <\/div>\r\n            <\/div>\r\n                    <\/div>\r\n        \r\n        <!-- Styled Pagination -->\r\n        <div class=\"styled-pagination text-center\">\r\n            <div class=\"clearfix\">\r\n                            <\/div>\r\n        <\/div>\r\n    <\/div>\r\n<\/section>\r\n<!--End Causes Section-->\r\n\r\n<\/div><\/div><\/div><\/div><\/section>","protected":false},"excerpt":{"rendered":"","protected":false},"author":2,"featured_media":0,"parent":0,"menu_order":0,"comment_status":"closed","ping_status":"closed","template":"tpl-king_composer.php","meta":{"footnotes":""},"class_list":["post-754","page","type-page","status-publish","hentry","campaign-has-goal","campaign-has-not-achieved-goal","campaign-is-endless"],"jetpack_sharing_enabled":true,"_links":{"self":[{"href":"https:\/\/business.miyeni.com\/en\/wp-json\/wp\/v2\/pages\/754"}],"collection":[{"href":"https:\/\/business.miyeni.com\/en\/wp-json\/wp\/v2\/pages"}],"about":[{"href":"https:\/\/business.miyeni.com\/en\/wp-json\/wp\/v2\/types\/page"}],"author":[{"embeddable":true,"href":"https:\/\/business.miyeni.com\/en\/wp-json\/wp\/v2\/users\/2"}],"replies":[{"embeddable":true,"href":"https:\/\/business.miyeni.com\/en\/wp-json\/wp\/v2\/comments?post=754"}],"version-history":[{"count":7,"href":"https:\/\/business.miyeni.com\/en\/wp-json\/wp\/v2\/pages\/754\/revisions"}],"predecessor-version":[{"id":761,"href":"https:\/\/business.miyeni.com\/en\/wp-json\/wp\/v2\/pages\/754\/revisions\/761"}],"wp:attachment":[{"href":"https:\/\/business.miyeni.com\/en\/wp-json\/wp\/v2\/media?parent=754"}],"curies":[{"name":"wp","href":"https:\/\/api.w.org\/{rel}","templated":true}]}}