{"id":721,"date":"2024-10-27T08:39:12","date_gmt":"2024-10-27T08:39:12","guid":{"rendered":"https:\/\/business.miyeni.com\/?page_id=721"},"modified":"2024-10-27T19:40:21","modified_gmt":"2024-10-27T19:40:21","slug":"activites-recentes","status":"publish","type":"page","link":"https:\/\/business.miyeni.com\/en\/activites-recentes\/","title":{"rendered":"Recent activities"},"content":{"rendered":"<section class=\"kc-elm kc-css-789267 kc_row\"><div class=\"kc-row-container  kc-container\"><div class=\"kc-wrap-columns\"><div class=\"kc-elm kc-css-953840 kc_col-sm-12 kc_column kc_col-sm-12\"><div class=\"kc-col-container\">\r\n<!--Content Side-->\r\n<div class=\"content-side\">\r\n        <!--Event Block Two-->\r\n    <div class=\"event-block-two\">\r\n        <div class=\"inner-box\">\r\n            <div class=\"row clearfix\">\r\n                <!--Image Column-->\r\n                <div class=\"image-column col-md-5 col-sm-6 col-xs-12\">\r\n                    <div class=\"image\">\r\n                        <div class=\"event-date\"><span>01<\/span>Jan<\/div>\r\n                        <a href=\"https:\/\/business.miyeni.com\/en\/event\/visite-dimpregnation-de-la-pouponniere-soeur-maria-de-soubre\/\"><img loading=\"lazy\" decoding=\"async\" width=\"370\" height=\"295\" src=\"https:\/\/business.miyeni.com\/wp-content\/uploads\/2024\/10\/pouponniere_soubre_1-370x295.jpg\" class=\"attachment-huminity_370x295 size-huminity_370x295 wp-post-image\" alt=\"\" \/><\/a>\r\n                    <\/div>\r\n                <\/div>\r\n                <!--Lower Box-->\r\n                <div class=\"lower-box col-md-7 col-sm-6 col-xs-12\">\r\n                    <h3><a href=\"https:\/\/business.miyeni.com\/en\/event\/visite-dimpregnation-de-la-pouponniere-soeur-maria-de-soubre\/\">Visite d\u2019impr\u00e9gnation de la Pouponni\u00e8re S\u0153ur Maria de Soubr\u00e9<\/a><\/h3>\r\n                    <ul class=\"post-meta\">\r\n                        <li><span class=\"icon flaticon-clock\"><\/span>0h00-0h00<\/li>\r\n                        <li><span class=\"icon flaticon-location-pin\"><\/span>S\u0153ur Maria de Soubr\u00e9 nursery<\/li>\r\n                    <\/ul>\r\n                    <div class=\"text\">Visite organis\u00e9e afin de permettre aux partenaires de se familiariser avec les sites de travaux et leurs environs, afin de mieux pr\u00e9parer leurs offres.<\/div>\r\n                    <a href=\"https:\/\/business.miyeni.com\/en\/event\/visite-dimpregnation-de-la-pouponniere-soeur-maria-de-soubre\/\" class=\"detail\">View Details <span class=\"fa fa-angle-right\"><\/span><\/a>\r\n                <\/div>\r\n            <\/div>\r\n        <\/div>\r\n    <\/div>\r\n    <!--End Event Block-->\r\n        <!--Event Block Two-->\r\n    <div class=\"event-block-two\">\r\n        <div class=\"inner-box\">\r\n            <div class=\"row clearfix\">\r\n                <!--Image Column-->\r\n                <div class=\"image-column col-md-5 col-sm-6 col-xs-12\">\r\n                    <div class=\"image\">\r\n                        <div class=\"event-date\"><span>01<\/span>Jan<\/div>\r\n                        <a href=\"https:\/\/business.miyeni.com\/en\/event\/vente-carritative-pouponiere-sr-maria-soubre\/\"><img loading=\"lazy\" decoding=\"async\" width=\"370\" height=\"295\" src=\"https:\/\/business.miyeni.com\/wp-content\/uploads\/2024\/10\/CIP0667-370x295.jpeg\" class=\"attachment-huminity_370x295 size-huminity_370x295 wp-post-image\" alt=\"\" \/><\/a>\r\n                    <\/div>\r\n                <\/div>\r\n                <!--Lower Box-->\r\n                <div class=\"lower-box col-md-7 col-sm-6 col-xs-12\">\r\n                    <h3><a href=\"https:\/\/business.miyeni.com\/en\/event\/vente-carritative-pouponiere-sr-maria-soubre\/\">Vente caritative organis\u00e9e pour la pouponni\u00e8re S\u0153ur Maria de Soubr\u00e9<\/a><\/h3>\r\n                    <ul class=\"post-meta\">\r\n                        <li><span class=\"icon flaticon-clock\"><\/span>0h00-0h00<\/li>\r\n                        <li><span class=\"icon flaticon-location-pin\"><\/span>Paroisse St Jacques des deux plateaux<\/li>\r\n                    <\/ul>\r\n                    <div class=\"text\">La vente caritative organis\u00e9e par MIYENI pour la pouponni\u00e8re S\u0153ur Maria de Soubr\u00e9 s\u2019est tenue le dimanche 17 D\u00e9cembre, le Samedi 23 D\u00e9cembre et le dimanche 24 D\u00e9cembre 2023 sur ...<\/div>\r\n                    <a href=\"https:\/\/business.miyeni.com\/en\/event\/vente-carritative-pouponiere-sr-maria-soubre\/\" class=\"detail\">View Details <span class=\"fa fa-angle-right\"><\/span><\/a>\r\n                <\/div>\r\n            <\/div>\r\n        <\/div>\r\n    <\/div>\r\n    <!--End Event Block-->\r\n    <\/div>\r\n<\/div><\/div><\/div><\/div><\/section>","protected":false},"excerpt":{"rendered":"","protected":false},"author":2,"featured_media":0,"parent":0,"menu_order":0,"comment_status":"closed","ping_status":"closed","template":"","meta":{"footnotes":""},"class_list":["post-721","page","type-page","status-publish","hentry"],"jetpack_sharing_enabled":true,"_links":{"self":[{"href":"https:\/\/business.miyeni.com\/en\/wp-json\/wp\/v2\/pages\/721"}],"collection":[{"href":"https:\/\/business.miyeni.com\/en\/wp-json\/wp\/v2\/pages"}],"about":[{"href":"https:\/\/business.miyeni.com\/en\/wp-json\/wp\/v2\/types\/page"}],"author":[{"embeddable":true,"href":"https:\/\/business.miyeni.com\/en\/wp-json\/wp\/v2\/users\/2"}],"replies":[{"embeddable":true,"href":"https:\/\/business.miyeni.com\/en\/wp-json\/wp\/v2\/comments?post=721"}],"version-history":[{"count":5,"href":"https:\/\/business.miyeni.com\/en\/wp-json\/wp\/v2\/pages\/721\/revisions"}],"predecessor-version":[{"id":739,"href":"https:\/\/business.miyeni.com\/en\/wp-json\/wp\/v2\/pages\/721\/revisions\/739"}],"wp:attachment":[{"href":"https:\/\/business.miyeni.com\/en\/wp-json\/wp\/v2\/media?parent=721"}],"curies":[{"name":"wp","href":"https:\/\/api.w.org\/{rel}","templated":true}]}}