{"id":677,"date":"2024-10-26T06:28:48","date_gmt":"2024-10-26T06:28:48","guid":{"rendered":"https:\/\/business.miyeni.com\/?page_id=677"},"modified":"2024-10-26T06:28:48","modified_gmt":"2024-10-26T06:28:48","slug":"get-involved-donate","status":"publish","type":"page","link":"https:\/\/business.miyeni.com\/en\/get-involved-donate\/","title":{"rendered":"S&rsquo;engager &#8211; Faire un don"},"content":{"rendered":"<section class=\"kc-elm kc-css-547209 kc_row\"><div class=\"kc-row-container  kc-container\"><div class=\"kc-wrap-columns\"><div class=\"kc-elm kc-css-690725 kc_col-sm-12 kc_column kc_col-sm-12\"><div class=\"kc-col-container\"><div class=\"kc-elm kc-css-258657\" style=\"height: 20px; clear: both; width:100%;\"><\/div><div class=\"kc-elm kc-css-691734 kc_text_block\"><\/p>\n<div class=\"causes-single\">\n<div class=\"lower-box\">\n<div class=\"dark-text\">\n<div class=\"services-title centered\">\n<h3>Sans votre g\u00e9n\u00e9rosit\u00e9, rien n\u2019est possible.<\/h3>\n<p>                                <span>Chaque don compte, peu importe le montant. Chaque geste de g\u00e9n\u00e9rosit\u00e9 a un impact concret et durable.<\/span>\n                            <\/div>\n<p>                            <!--<\/p>\n\n\n\n\n\n\n\n\n<h4>Devenir partenaire officiel de MYENI<\/h4>\n\n\n\n\n\n\n\n\n<p>--><\/p>\n<h3>Pourquoi donner \u00e0 travers MIYENI ?<\/h3>\n<ul class=\"list-style-two\">\n<li>Avant de vous proposer le projet d\u2019une organisation \u00e0 but non lucratif, MIYENI s\u2019assure de la viabilit\u00e9 du projet soumis et de la bonne sant\u00e9 de l\u2019organisation.<\/li>\n<li>MIYENI se charge de contr\u00f4ler l\u2019usage des fonds collect\u00e9s aupr\u00e8s de l\u2019organisation b\u00e9n\u00e9ficiaire.<\/li>\n<li>Les fonds collect\u00e9s sont mis \u00e0 la disposition de l\u2019organisation b\u00e9n\u00e9ficiaire, selon les clauses du contrat sign\u00e9 avec MIYENI. Vous pouvez aussi demander que votre don revienne \u00e0 une op\u00e9ration sp\u00e9cifique en faisant une demande \u00e0 cet email : contact@miyeni.com.<\/li>\n<\/ul>\n<h3>\u00c0 quoi servent les dons ?<\/h3>\n<p>C\u2019est gr\u00e2ce \u00e0 la g\u00e9n\u00e9rosit\u00e9 des donateurs que les organisations \u00e0 but non lucratif africaines peuvent mener \u00e0 bien leurs missions de secourisme et d\u2019action sociale et humanitaire et de soutenir les personnes les plus vuln\u00e9rables.<\/p>\n<\/p>\n<h3>Comment donner ?<\/h3>\n<p>Qu\u2019il soit ponctuel ou r\u00e9gulier, important ou plus modeste, chaque don compte. Les dons peuvent \u00eatre facilement effectu\u00e9s en esp\u00e8ces, par ch\u00e8que, par Carte Bancaire ou par mobile Money.<\/p>\n<\/p>\n<h3>\u00c0 quoi servent les dons ?<\/h3>\n<p>C\u2019est gr\u00e2ce \u00e0 la g\u00e9n\u00e9rosit\u00e9 des donateurs que les organisations \u00e0 but non lucratif africaines peuvent mener \u00e0 bien leurs missions de secourisme et d\u2019action sociale et humanitaire et de soutenir les personnes les plus vuln\u00e9rables.<\/p>\n<\/p>\n<h3>Quelle association choisir pour faire un don ?<\/h3>\n<p>Choisir une organisation qui d\u00e9fend une cause qui vous tient \u00e0 c\u0153ur<\/p>\n<\/div>\n<\/div>\n<\/div>\n<p>\n<\/div><\/div><\/div><\/div><\/div><\/section>","protected":false},"excerpt":{"rendered":"","protected":false},"author":2,"featured_media":0,"parent":0,"menu_order":0,"comment_status":"closed","ping_status":"closed","template":"tpl-king_composer.php","meta":{"footnotes":""},"class_list":["post-677","page","type-page","status-publish","hentry"],"jetpack_sharing_enabled":true,"_links":{"self":[{"href":"https:\/\/business.miyeni.com\/en\/wp-json\/wp\/v2\/pages\/677"}],"collection":[{"href":"https:\/\/business.miyeni.com\/en\/wp-json\/wp\/v2\/pages"}],"about":[{"href":"https:\/\/business.miyeni.com\/en\/wp-json\/wp\/v2\/types\/page"}],"author":[{"embeddable":true,"href":"https:\/\/business.miyeni.com\/en\/wp-json\/wp\/v2\/users\/2"}],"replies":[{"embeddable":true,"href":"https:\/\/business.miyeni.com\/en\/wp-json\/wp\/v2\/comments?post=677"}],"version-history":[{"count":1,"href":"https:\/\/business.miyeni.com\/en\/wp-json\/wp\/v2\/pages\/677\/revisions"}],"predecessor-version":[{"id":678,"href":"https:\/\/business.miyeni.com\/en\/wp-json\/wp\/v2\/pages\/677\/revisions\/678"}],"wp:attachment":[{"href":"https:\/\/business.miyeni.com\/en\/wp-json\/wp\/v2\/media?parent=677"}],"curies":[{"name":"wp","href":"https:\/\/api.w.org\/{rel}","templated":true}]}}