{"id":669,"date":"2024-10-26T06:20:46","date_gmt":"2024-10-26T06:20:46","guid":{"rendered":"https:\/\/business.miyeni.com\/?page_id=669"},"modified":"2024-10-26T06:25:28","modified_gmt":"2024-10-26T06:25:28","slug":"get-involved-volunteering","status":"publish","type":"page","link":"https:\/\/business.miyeni.com\/en\/get-involved-volunteering\/","title":{"rendered":"S&rsquo;engager &#8211; B\u00e9n\u00e9volat"},"content":{"rendered":"<section class=\"kc-elm kc-css-43639 kc_row\"><div class=\"kc-row-container  kc-container\"><div class=\"kc-wrap-columns\"><div class=\"kc-elm kc-css-859178 kc_col-sm-12 kc_column kc_col-sm-12\"><div class=\"kc-col-container\"><div class=\"kc-elm kc-css-671225\" style=\"height: 20px; clear: both; width:100%;\"><\/div><div class=\"kc-elm kc-css-315753 kc_text_block\"><\/p>\n<div class=\"causes-single\">\n<div class=\"lower-box\">\n<div class=\"dark-text\">\n<div class=\"sec-title centered\">\n<h3>Faire du b\u00e9n\u00e9volat c\u2019est avant tout participer au bien-\u00eatre collectif<\/h3>\n<\/div>\n<p>Motiv\u00e9 par votre amour de l\u2019humanit\u00e9, si vous souhaitez venir en aide aux autres avec d\u00e9sint\u00e9ressement ; MIYENI vous tend la main afin que vous puissiez vous engager aux c\u00f4t\u00e9s d&rsquo;une Organisation Sans But Lucratif (OSBL).<\/p>\n<p>\u00catre b\u00e9n\u00e9vole chez MIYENI, c\u2019est donner du temps et partager ses comp\u00e9tences, et ainsi appuyer des projets de solidarit\u00e9 des organisations africaines \u00e0 but non -lucratif. C\u2019est aussi rejoindre une communaut\u00e9 de b\u00e9n\u00e9voles vivante et grandissante, et participer \u00e0 des rencontres avec l\u2019\u00e9quipe !<\/p>\n<p>Vous avez envie de vous engager avec MIYENI pour les organisations africaines \u00e0 but non-lucratif ? <\/p>\n<\/p>\n<div class=\"sec-title centered\">\n                                <a href=\"https:\/\/miyeni.com\/public\/documents\/Formulaire Benevolat.MIYENI.pdf\" class=\"theme-btn btn-style-one\" target=\"_blank\">Je deviens b\u00e9n\u00e9vole<\/a><br \/>                                <!--<a href=\"https:\/\/miyeni.com\/volunteering\/form\" class=\"theme-btn btn-style-one\">T\u00e9l\u00e9charger notre formulaire<\/a>-->\n                            <\/div>\n<\/div>\n<\/div>\n<\/div>\n<p>\n<\/div><\/div><\/div><\/div><\/div><\/section>","protected":false},"excerpt":{"rendered":"","protected":false},"author":2,"featured_media":0,"parent":0,"menu_order":0,"comment_status":"closed","ping_status":"closed","template":"tpl-king_composer.php","meta":{"footnotes":""},"class_list":["post-669","page","type-page","status-publish","hentry"],"jetpack_sharing_enabled":true,"_links":{"self":[{"href":"https:\/\/business.miyeni.com\/en\/wp-json\/wp\/v2\/pages\/669"}],"collection":[{"href":"https:\/\/business.miyeni.com\/en\/wp-json\/wp\/v2\/pages"}],"about":[{"href":"https:\/\/business.miyeni.com\/en\/wp-json\/wp\/v2\/types\/page"}],"author":[{"embeddable":true,"href":"https:\/\/business.miyeni.com\/en\/wp-json\/wp\/v2\/users\/2"}],"replies":[{"embeddable":true,"href":"https:\/\/business.miyeni.com\/en\/wp-json\/wp\/v2\/comments?post=669"}],"version-history":[{"count":2,"href":"https:\/\/business.miyeni.com\/en\/wp-json\/wp\/v2\/pages\/669\/revisions"}],"predecessor-version":[{"id":675,"href":"https:\/\/business.miyeni.com\/en\/wp-json\/wp\/v2\/pages\/669\/revisions\/675"}],"wp:attachment":[{"href":"https:\/\/business.miyeni.com\/en\/wp-json\/wp\/v2\/media?parent=669"}],"curies":[{"name":"wp","href":"https:\/\/api.w.org\/{rel}","templated":true}]}}