{"id":664,"date":"2024-10-26T06:15:41","date_gmt":"2024-10-26T06:15:41","guid":{"rendered":"https:\/\/business.miyeni.com\/?page_id=664"},"modified":"2024-10-26T06:24:11","modified_gmt":"2024-10-26T06:24:11","slug":"get-involved-career","status":"publish","type":"page","link":"https:\/\/business.miyeni.com\/en\/get-involved-career\/","title":{"rendered":"S&rsquo;engager &#8211; Carri\u00e8re"},"content":{"rendered":"<section class=\"kc-elm kc-css-552309 kc_row\"><div class=\"kc-row-container  kc-container\"><div class=\"kc-wrap-columns\"><div class=\"kc-elm kc-css-808826 kc_col-sm-12 kc_column kc_col-sm-12\"><div class=\"kc-col-container\"><div class=\"kc-elm kc-css-876029\" style=\"height: 20px; clear: both; width:100%;\"><\/div><div class=\"kc-elm kc-css-140851 kc_text_block\"><\/p>\n<div class=\"causes-single\">\n<div class=\"lower-box\">\n<div class=\"dark-text\">\n<p>\n                                Au sein de MIYENI, nous aimons les relations humaines sinc\u00e8res, le respect, l\u2019\u00e9coute, la transparence et la communication directe. Nous cultivons la fiabilit\u00e9 et la confiance r\u00e9ciproque entre nous.\n                            <\/p>\n<p>\n                                Nous nous sommes cr\u00e9\u00e9s un environnement de travail positif. Notre \u00e9quipe travaille dans une bonne ambiance. Nous sommes r\u00e9solument des personnes ouvertes d\u2019esprit, enthousiastes et joyeuses.\n                            <\/p>\n<\/p>\n<h3>Nous recrutons<\/h3>\n<p>MIYENI recrute pour les postes suivants:<\/p>\n<p>Stagiaire Consultant en communication (SC_C): <a href=\"https:\/\/miyeni.com\/public\/documents\/sc_c.pdf\" download=\"sc_c.pdf\">T\u00e9l\u00e9charger l&rsquo;offre<\/a><\/p>\n<p>Stagiaire Consultant Collecteur \/ Collectrice de Fonds (SC_CF): <a href=\"https:\/\/miyeni.com\/public\/documents\/sc_cf.pdf\" download=\"sc_cf.pdf\">T\u00e9l\u00e9charger l&rsquo;offre<\/a><\/p>\n<p>Stagiaire Consultant en Financement de projets (SC_FP): <a href=\"https:\/\/miyeni.com\/public\/documents\/sc_fp.pdf\" download=\"sc_fp.pdf\">T\u00e9l\u00e9charger l&rsquo;offre<\/a><\/p>\n<\/p>\n<p>                            <!--<\/p>\n\n\n\n\n\n\n\n\n<h4>Devenir partenaire officiel de MYENI<\/h4>\n\n\n\n\n\n\n\n\n<p>--><\/p>\n<\/p>\n<h3>Crit\u00e8res et pr\u00e9requis<\/h3>\n<p>MIYENI valorise les exp\u00e9riences d&rsquo;expatriation sur le terrain r\u00e9alis\u00e9es avec d&rsquo;autres ONG africaines en confiant selon l&rsquo;exp\u00e9rience acquise des postes occup\u00e9s.<\/p>\n<ul class=\"list-style-three\">\n<li><b>Etape n\u00b0 1<\/b> : Vous identifiez votre profil.<\/li>\n<li><b>Etape n\u00b0 2<\/b> : Vous pr\u00e9parez votre candidature et postulez en ligne.<\/li>\n<li><b>Etape n\u00b0 3<\/b> : Evaluation de la candidature.<\/li>\n<li><b>Etape n\u00b0 4<\/b> : Vous passez un entretien ax\u00e9 sur les comp\u00e9tences.<\/li>\n<li><b>Etape n\u00b0 5<\/b> : Une fois recrut\u00e9(e), vous int\u00e9grez un pool m\u00e9tier et vous participez \u00e0 des formations organis\u00e9es par MIYENI.<\/li>\n<\/ul>\n<p>                            <!--<\/p>\n\n\n\n\n\n\n\n\n<div class=\"sec-title centered\">\n                                <a href=\"#\" class=\"theme-btn btn-style-one\">Postuler en ligne<\/a>\n                            <\/div>\n\n\n\n\n\n\n\n\n<p>                            --><\/p>\n<\/div>\n<\/div>\n<\/div>\n<p>\n<\/div><\/div><\/div><\/div><\/div><\/section>","protected":false},"excerpt":{"rendered":"","protected":false},"author":2,"featured_media":0,"parent":0,"menu_order":0,"comment_status":"closed","ping_status":"closed","template":"tpl-king_composer.php","meta":{"footnotes":""},"class_list":["post-664","page","type-page","status-publish","hentry"],"jetpack_sharing_enabled":true,"_links":{"self":[{"href":"https:\/\/business.miyeni.com\/en\/wp-json\/wp\/v2\/pages\/664"}],"collection":[{"href":"https:\/\/business.miyeni.com\/en\/wp-json\/wp\/v2\/pages"}],"about":[{"href":"https:\/\/business.miyeni.com\/en\/wp-json\/wp\/v2\/types\/page"}],"author":[{"embeddable":true,"href":"https:\/\/business.miyeni.com\/en\/wp-json\/wp\/v2\/users\/2"}],"replies":[{"embeddable":true,"href":"https:\/\/business.miyeni.com\/en\/wp-json\/wp\/v2\/comments?post=664"}],"version-history":[{"count":5,"href":"https:\/\/business.miyeni.com\/en\/wp-json\/wp\/v2\/pages\/664\/revisions"}],"predecessor-version":[{"id":674,"href":"https:\/\/business.miyeni.com\/en\/wp-json\/wp\/v2\/pages\/664\/revisions\/674"}],"wp:attachment":[{"href":"https:\/\/business.miyeni.com\/en\/wp-json\/wp\/v2\/media?parent=664"}],"curies":[{"name":"wp","href":"https:\/\/api.w.org\/{rel}","templated":true}]}}