{"id":660,"date":"2024-10-26T06:10:39","date_gmt":"2024-10-26T06:10:39","guid":{"rendered":"https:\/\/business.miyeni.com\/?page_id=660"},"modified":"2024-10-26T06:10:39","modified_gmt":"2024-10-26T06:10:39","slug":"get-involved-partnership","status":"publish","type":"page","link":"https:\/\/business.miyeni.com\/en\/get-involved-partnership\/","title":{"rendered":"S&rsquo;engager &#8211; Partenariat"},"content":{"rendered":"<section class=\"kc-elm kc-css-205385 kc_row\"><div class=\"kc-row-container  kc-container\"><div class=\"kc-wrap-columns\"><div class=\"kc-elm kc-css-191260 kc_col-sm-12 kc_column kc_col-sm-12\"><div class=\"kc-col-container\"><div class=\"kc-elm kc-css-248874\" style=\"height: 20px; clear: both; width:100%;\"><\/div><div class=\"kc-elm kc-css-530206 kc_text_block\"><\/p>\n<div class=\"causes-single\">\n<div class=\"lower-box\">\n<div class=\"dark-text\">\n<p>                            <!--<\/p>\n\n\n\n\n\n\n\n\n<h4>Devenir partenaire officiel de MYENI<\/h4>\n\n\n\n\n\n\n\n\n<p>--><\/p>\n<h3>Devenir partenaire officiel de MYENI<\/h3>\n<p style=\"text-indent:0px;\">MIYENI s&rsquo;appuie sur un \u00e9ventail aussi large que diversifi\u00e9 de relations de collaboration, et de partenariats dans toutes les r\u00e9gions du monde pour s\u2019acquitter de sa mission.<\/p>\n<p>\n                                <u>Principes de base du partenariat:<\/u><br \/>                                En s\u2019associant \u00e0 tous ses partenaires, MIYENI est guid\u00e9e par les principes suivants :\n                            <\/p>\n<ol>\n<li><b>1. Les b\u00e9n\u00e9fices mutuels<\/b>: Tout partenariat doit \u00eatre d\u00e9termin\u00e9 par des objectifs communs avec des avantages mutuels. En d\u2019autres termes, les partenariats doivent engendrer une situation profitable aux deux parties.<\/li>\n<li><b>2. l\u2019\u00e9quit\u00e9<\/b>: Les partenaires doivent \u00eatre sur un pied d\u2019\u00e9galit\u00e9 au sein du partenariat. Les partenaires ne seront jamais \u00ab \u00e9gaux \u00bb, n\u00e9anmoins ils doivent se traiter l\u2019un, l\u2019autre avec \u00e9quit\u00e9, sans apriori, ni favoritisme et apprendre \u00e0 respecter la diff\u00e9rence et l\u2019unicit\u00e9 de chaque contribution.<\/li>\n<li><b>3. La transparence<\/b>: Les partenaires doivent b\u00e9n\u00e9ficier d\u2019un statut juridique confirm\u00e9 et le prouver.<\/li>\n<\/ol>\n<p>\n                                MIYENI ne coop\u00e8re pas avec des entit\u00e9s qui :\n                            <\/p>\n<ul>\n<li>&#8211; sont associ\u00e9es \u00e0 des produits, services ou activit\u00e9s illicites<\/li>\n<li>&#8211; sont associ\u00e9es \u00e0 tous produits, services ou activit\u00e9s qui entrent en conflit avec son action ou \u00e0 sa r\u00e9putation<\/li>\n<li>&#8211; sont complices de violations des droits de l&rsquo;homme ou tol\u00e8rent le travail forc\u00e9 ou obligatoire d&rsquo;enfants ou l\u2019exploitation de ce travail<\/li>\n<\/ul>\n<div class=\"sec-title centered\">\n                                <a href=\"https:\/\/miyeni.com\/public\/documents\/Formulaire. Devenir partenaire. Entreprises priv\u201aes_1.pdf\" class=\"theme-btn btn-style-one\" target=\"_blank\">Devenir partenaire de MIYENI<\/a>\n                            <\/div>\n<\/p>\n<h3>Devenir partenaire officiel d\u2019une organisation africaine \u00e0 but non lucratif<\/h3>\n<p style=\"text-indent:0px;\">MIYENI agit comme une de plate-forme de r\u00e9seautage pour les organisations africaines \u00e0 but non lucratif. Une plate-forme qui vise \u00e0 \u00e9tablir une connexion entre les entreprises et les organisations africaines \u00e0 but non-lucratif et entre les organisations africaines elles-m\u00eames.<\/p>\n<p>\n                                <u>Cadre directeur du partenariat avec les ONG:<\/u><br \/>                                Ces Directives offrent un cadre simplifi\u00e9 pour la cr\u00e9ation, la gestion et la poursuite des partenariats, permettant de :\n                            <\/p>\n<ol>\n<li>&#8211; mieux int\u00e9grer les partenariats avec les OSBL dans la planification et la mise en \u0153uvre des programmes sociaux de l\u2019entreprise<\/li>\n<li>&#8211; promouvoir \u00ab une culture du partenariat \u00bb authentique avec les organisations africaines au sein de l&rsquo;Entreprise<\/li>\n<li>&#8211; revitaliser, renouveler et \u00e9largir le r\u00e9seau des organisations africaines partenaires<\/li>\n<li>&#8211; promouvoir un partenariat avec de nouvelles organisations repr\u00e9sentatives de la soci\u00e9t\u00e9 civile<\/li>\n<\/ol>\n<div class=\"sec-title centered\">\n                                <a href=\"#\" class=\"theme-btn btn-style-one\">Devenir partenaire d\u2019une organisation africaine<\/a>\n                            <\/div>\n<\/div>\n<\/div>\n<\/div>\n<p>\n<\/div><\/div><\/div><\/div><\/div><\/section>","protected":false},"excerpt":{"rendered":"","protected":false},"author":2,"featured_media":0,"parent":0,"menu_order":0,"comment_status":"closed","ping_status":"closed","template":"tpl-king_composer.php","meta":{"footnotes":""},"class_list":["post-660","page","type-page","status-publish","hentry"],"jetpack_sharing_enabled":true,"_links":{"self":[{"href":"https:\/\/business.miyeni.com\/en\/wp-json\/wp\/v2\/pages\/660"}],"collection":[{"href":"https:\/\/business.miyeni.com\/en\/wp-json\/wp\/v2\/pages"}],"about":[{"href":"https:\/\/business.miyeni.com\/en\/wp-json\/wp\/v2\/types\/page"}],"author":[{"embeddable":true,"href":"https:\/\/business.miyeni.com\/en\/wp-json\/wp\/v2\/users\/2"}],"replies":[{"embeddable":true,"href":"https:\/\/business.miyeni.com\/en\/wp-json\/wp\/v2\/comments?post=660"}],"version-history":[{"count":1,"href":"https:\/\/business.miyeni.com\/en\/wp-json\/wp\/v2\/pages\/660\/revisions"}],"predecessor-version":[{"id":662,"href":"https:\/\/business.miyeni.com\/en\/wp-json\/wp\/v2\/pages\/660\/revisions\/662"}],"wp:attachment":[{"href":"https:\/\/business.miyeni.com\/en\/wp-json\/wp\/v2\/media?parent=660"}],"curies":[{"name":"wp","href":"https:\/\/api.w.org\/{rel}","templated":true}]}}