{"id":656,"date":"2024-10-26T06:05:25","date_gmt":"2024-10-26T06:05:25","guid":{"rendered":"https:\/\/business.miyeni.com\/?page_id=656"},"modified":"2024-10-26T06:05:25","modified_gmt":"2024-10-26T06:05:25","slug":"service-communication","status":"publish","type":"page","link":"https:\/\/business.miyeni.com\/en\/service-communication\/","title":{"rendered":"Service Communication"},"content":{"rendered":"<section class=\"kc-elm kc-css-960773 kc_row\"><div class=\"kc-row-container  kc-container\"><div class=\"kc-wrap-columns\"><div class=\"kc-elm kc-css-663469 kc_col-sm-12 kc_column kc_col-sm-12\"><div class=\"kc-col-container\"><div class=\"kc-elm kc-css-863634\" style=\"height: 20px; clear: both; width:100%;\"><\/div><div class=\"kc-elm kc-css-553472 kc_text_block\"><\/p>\n<div class=\"causes-single\">\n<div class=\"lower-box\">\n<div class=\"dark-text\">\n<p>MIYENI en partenariat avec des entreprises sp\u00e9cialis\u00e9es dans la communication, vous propose plusieurs services : <\/p>\n<ul class=\"list-style-two\">\n<li>Construction d\u2019une identit\u00e9 forte et sa valorisation<\/li>\n<li>Utilisation de moyens pour communiquer votre identit\u00e9 et la valeur de vos projets, <\/li>\n<li>Mobilisation en interne et externe, <\/li>\n<li>Structuration de votre approche grands donateurs, <\/li>\n<li>Fid\u00e9lisation et intensification de l\u2019engagement de vos partenaires et m\u00e9c\u00e8nes, <\/li>\n<li>Diversification vos ressources, digitalisation de votre relation aux donateurs.<\/li>\n<li>Le conseil strat\u00e9gique: diagnostic, strat\u00e9gie, accompagnement, aide \u00e0 la d\u00e9cision, op\u00e9rations grands donateurs&#8230;<\/li>\n<li>Infographies, Plaquette de pr\u00e9sentation, fiche th\u00e9matiques, kak\u00e9mono, v\u0153ux&#8230;<\/li>\n<li>S\u00e9ance photos &amp; vid\u00e9os<\/li>\n<li>Site Internet<\/li>\n<li>Blog \/ Magazine<\/li>\n<li>Emailing<\/li>\n<li>Community Management (Google My Business, Facebook, Twitter, LinkedIn, Instagram, YouTube&#8230;)<\/li>\n<li>Publicit\u00e9 en ligne (Waze, Facebook, Instagram, Pinterest&#8230;)<\/li>\n<li>Campagne de publicit\u00e9 institutionnelle ou mobilisation (appels aux dons, mobilisation de t\u00e9moins, financement participatif) &amp; Achat d&rsquo;espaces<\/li>\n<li>\u00c9v\u00e9nements<\/li>\n<\/ul>\n<\/div>\n<\/div>\n<\/div>\n<p>\n<\/div><\/div><\/div><\/div><\/div><\/section>","protected":false},"excerpt":{"rendered":"","protected":false},"author":2,"featured_media":0,"parent":0,"menu_order":0,"comment_status":"closed","ping_status":"closed","template":"tpl-king_composer.php","meta":{"footnotes":""},"class_list":["post-656","page","type-page","status-publish","hentry"],"jetpack_sharing_enabled":true,"_links":{"self":[{"href":"https:\/\/business.miyeni.com\/en\/wp-json\/wp\/v2\/pages\/656"}],"collection":[{"href":"https:\/\/business.miyeni.com\/en\/wp-json\/wp\/v2\/pages"}],"about":[{"href":"https:\/\/business.miyeni.com\/en\/wp-json\/wp\/v2\/types\/page"}],"author":[{"embeddable":true,"href":"https:\/\/business.miyeni.com\/en\/wp-json\/wp\/v2\/users\/2"}],"replies":[{"embeddable":true,"href":"https:\/\/business.miyeni.com\/en\/wp-json\/wp\/v2\/comments?post=656"}],"version-history":[{"count":1,"href":"https:\/\/business.miyeni.com\/en\/wp-json\/wp\/v2\/pages\/656\/revisions"}],"predecessor-version":[{"id":658,"href":"https:\/\/business.miyeni.com\/en\/wp-json\/wp\/v2\/pages\/656\/revisions\/658"}],"wp:attachment":[{"href":"https:\/\/business.miyeni.com\/en\/wp-json\/wp\/v2\/media?parent=656"}],"curies":[{"name":"wp","href":"https:\/\/api.w.org\/{rel}","templated":true}]}}