{"id":651,"date":"2024-10-26T06:01:38","date_gmt":"2024-10-26T06:01:38","guid":{"rendered":"https:\/\/business.miyeni.com\/?page_id=651"},"modified":"2024-10-26T06:01:38","modified_gmt":"2024-10-26T06:01:38","slug":"service-audit-organisation-et-performance","status":"publish","type":"page","link":"https:\/\/business.miyeni.com\/en\/service-audit-organisation-et-performance\/","title":{"rendered":"Service Audit Organisation et Performance"},"content":{"rendered":"<section class=\"kc-elm kc-css-48210 kc_row\"><div class=\"kc-row-container  kc-container\"><div class=\"kc-wrap-columns\"><div class=\"kc-elm kc-css-466040 kc_col-sm-12 kc_column kc_col-sm-12\"><div class=\"kc-col-container\"><div class=\"kc-elm kc-css-52584\" style=\"height: 20px; clear: both; width:100%;\"><\/div><div class=\"kc-elm kc-css-636588 kc_text_block\"><\/p>\n<div class=\"causes-single\">\n<div class=\"lower-box\">\n<div class=\"dark-text\">\n<p>Votre organisation est-elle confront\u00e9e \u00e0 des actes de non-qualit\u00e9, des dysfonctionnements ou des risques qui nuisent \u00e0 sa performance ? D\u00e9sirez-vous optimiser vos processus pour d\u00e9passer vos objectifs qualitatifs ou \u00e9conomiques ? Pour cela, il faut commencer par faire le point sur les forces et faiblesses de votre organisation.<\/p>\n<p>MIYENI met \u00e0 votre disposition des consultants qui m\u00e8neront un audit organisationnel de votre organisation. Avec vous, ils \u00e9valuent, analysent la structure de votre organisation et vous proposent des pr\u00e9conisations pertinentes, puis vous accompagnent le cas \u00e9ch\u00e9ant dans leur mise en \u0153uvre pour am\u00e9liorer votre productivit\u00e9.<\/p>\n<h3>Impact<\/h3>\n<ul class=\"list-style-two\">\n<li>Une prise de d\u00e9cision facilit\u00e9e car bas\u00e9e sur des indicateurs concrets<\/li>\n<li>Une optimisation des ressources disponibles<\/li>\n<li>Une vision claire des changements \u00e0 entreprendre<\/li>\n<\/ul>\n<\/div>\n<\/div>\n<\/div>\n<p>\n<\/div><\/div><\/div><\/div><\/div><\/section>","protected":false},"excerpt":{"rendered":"","protected":false},"author":2,"featured_media":0,"parent":0,"menu_order":0,"comment_status":"closed","ping_status":"closed","template":"tpl-king_composer.php","meta":{"footnotes":""},"class_list":["post-651","page","type-page","status-publish","hentry"],"jetpack_sharing_enabled":true,"_links":{"self":[{"href":"https:\/\/business.miyeni.com\/en\/wp-json\/wp\/v2\/pages\/651"}],"collection":[{"href":"https:\/\/business.miyeni.com\/en\/wp-json\/wp\/v2\/pages"}],"about":[{"href":"https:\/\/business.miyeni.com\/en\/wp-json\/wp\/v2\/types\/page"}],"author":[{"embeddable":true,"href":"https:\/\/business.miyeni.com\/en\/wp-json\/wp\/v2\/users\/2"}],"replies":[{"embeddable":true,"href":"https:\/\/business.miyeni.com\/en\/wp-json\/wp\/v2\/comments?post=651"}],"version-history":[{"count":2,"href":"https:\/\/business.miyeni.com\/en\/wp-json\/wp\/v2\/pages\/651\/revisions"}],"predecessor-version":[{"id":654,"href":"https:\/\/business.miyeni.com\/en\/wp-json\/wp\/v2\/pages\/651\/revisions\/654"}],"wp:attachment":[{"href":"https:\/\/business.miyeni.com\/en\/wp-json\/wp\/v2\/media?parent=651"}],"curies":[{"name":"wp","href":"https:\/\/api.w.org\/{rel}","templated":true}]}}