{"id":645,"date":"2024-10-26T05:56:34","date_gmt":"2024-10-26T05:56:34","guid":{"rendered":"https:\/\/business.miyeni.com\/?page_id=645"},"modified":"2024-10-26T05:56:34","modified_gmt":"2024-10-26T05:56:34","slug":"service-formation","status":"publish","type":"page","link":"https:\/\/business.miyeni.com\/en\/service-formation\/","title":{"rendered":"Service formation"},"content":{"rendered":"<section class=\"kc-elm kc-css-460705 kc_row\"><div class=\"kc-row-container  kc-container\"><div class=\"kc-wrap-columns\"><div class=\"kc-elm kc-css-893781 kc_col-sm-12 kc_column kc_col-sm-12\"><div class=\"kc-col-container\"><div class=\"kc-elm kc-css-803759\" style=\"height: 20px; clear: both; width:100%;\"><\/div><div class=\"kc-elm kc-css-704288 kc_text_block\"><\/p>\n<div class=\"causes-single\">\n<div class=\"lower-box\">\n<div class=\"dark-text\">\n<h3>Teaching<\/h3>\n<p>Les ONG, associations ou fondations jouent un r\u00f4le incontournable pour r\u00e9pondre aux besoins des populations vuln\u00e9rables. Au-del\u00e0 de la vocation de vouloir aider l\u2019autre, la formation aiderait leurs \u00e9quipes \u00e0 se rendre plus professionnelle et am\u00e9liorer ainsi les performances de leur organisation.<\/p>\n<p>\n                                MIYENI vous propose des formations sur les th\u00e9matiques suivantes :<\/p>\n<ul class=\"list-style-two\">\n<li>Gestion de projet<\/li>\n<li>Elaboration d\u2019une strat\u00e9gie de collecte de fonds<\/li>\n<li>D\u00e9velopper ses financements avec les fondations<\/li>\n<li>Recherche de financements<\/li>\n<li>Gestion Ressources Humaines et Financi\u00e8re<\/li>\n<li>Communication des organismes sans but lucratif (OSBL)<\/li>\n<\/ul>\n<p>\n                                Toutes nos formations sont r\u00e9alis\u00e9es sur mesure, et se d\u00e9roulent en intra. Le formateur se rend ainsi sur site, dans vos locaux, pour former un groupe d&rsquo;apprenants.\n                            <\/p>\n<p style=\"text-indent:10px;\"><i>**Un programme de formation d\u00e9taill\u00e9 peut \u00eatre construit en fonction des demandes et besoins identifi\u00e9s.<\/i><\/p>\n<p style=\"text-indent:10px;\"><i>**Il est demand\u00e9 au commanditaire d&rsquo;informer MIYENI en cas de pr\u00e9sence de personnes en situation de handicap, pour lui permettre d&rsquo;adapter ses contenus.<\/i><\/p>\n<\/div>\n<\/div>\n<\/div>\n<p>\n<\/div><\/div><\/div><\/div><\/div><\/section>","protected":false},"excerpt":{"rendered":"","protected":false},"author":2,"featured_media":0,"parent":0,"menu_order":0,"comment_status":"closed","ping_status":"closed","template":"tpl-king_composer.php","meta":{"footnotes":""},"class_list":["post-645","page","type-page","status-publish","hentry"],"jetpack_sharing_enabled":true,"_links":{"self":[{"href":"https:\/\/business.miyeni.com\/en\/wp-json\/wp\/v2\/pages\/645"}],"collection":[{"href":"https:\/\/business.miyeni.com\/en\/wp-json\/wp\/v2\/pages"}],"about":[{"href":"https:\/\/business.miyeni.com\/en\/wp-json\/wp\/v2\/types\/page"}],"author":[{"embeddable":true,"href":"https:\/\/business.miyeni.com\/en\/wp-json\/wp\/v2\/users\/2"}],"replies":[{"embeddable":true,"href":"https:\/\/business.miyeni.com\/en\/wp-json\/wp\/v2\/comments?post=645"}],"version-history":[{"count":2,"href":"https:\/\/business.miyeni.com\/en\/wp-json\/wp\/v2\/pages\/645\/revisions"}],"predecessor-version":[{"id":649,"href":"https:\/\/business.miyeni.com\/en\/wp-json\/wp\/v2\/pages\/645\/revisions\/649"}],"wp:attachment":[{"href":"https:\/\/business.miyeni.com\/en\/wp-json\/wp\/v2\/media?parent=645"}],"curies":[{"name":"wp","href":"https:\/\/api.w.org\/{rel}","templated":true}]}}