{"id":634,"date":"2024-10-26T05:47:41","date_gmt":"2024-10-26T05:47:41","guid":{"rendered":"https:\/\/business.miyeni.com\/?page_id=634"},"modified":"2024-10-26T05:49:56","modified_gmt":"2024-10-26T05:49:56","slug":"services-consulting","status":"publish","type":"page","link":"https:\/\/business.miyeni.com\/en\/services-consulting\/","title":{"rendered":"Service accompagnement et conseil"},"content":{"rendered":"<section class=\"kc-elm kc-css-904947 kc_row\"><div class=\"kc-row-container  kc-container\"><div class=\"kc-wrap-columns\"><div class=\"kc-elm kc-css-702781 kc_col-sm-12 kc_column kc_col-sm-12\"><div class=\"kc-col-container\"><div class=\"kc-elm kc-css-809812 kc_text_block\"><\/p>\n<div class=\"causes-single\">\n<div class=\"lower-box\">\n<div class=\"dark-text\">\n<h3>Recherche de financements<\/h3>\n<p style=\"text-indent:0px;\">La recherche de financement pour une OSBL, constitue un v\u00e9ritable parcours du combattant. Heureusement, MIYENI vous aide \u00e0 identifier toutes les sources de financements possibles, et trouver un financement.<\/p>\n<\/p>\n<h3>Recherche de partenaires<\/h3>\n<p>Nous d\u00e9finissons collectivement vos besoins : avez-vous besoin d\u2019apports en argent ? En nature (lieux, mat\u00e9riels) ? D\u2019outils de communication ?<\/p>\n<p>Une fois vos priorit\u00e9s list\u00e9es, nous nous chargeons d\u2019identifier les entreprises les plus \u00e0 m\u00eame de r\u00e9pondre favorablement \u00e0 votre sollicitation et de d\u00e9finir la forme de partenariat qui vous convient.<\/p>\n<\/p>\n<h3>Conception et r\u00e9daction de documents<\/h3>\n<p style=\"margin-left:20px;\">\n                                <b>Conception-R\u00e9daction de documents de collecte de fonds (Fundraising):<\/b><\/p>\n<p>                                MIYENI supervise aupr\u00e8s de ses partenaires :<br \/>la coh\u00e9rence de la communication du projet Fundraising sur l\u2019ensemble des outils mis en \u0153uvre et le respect des d\u00e9lais impos\u00e9s.<\/p>\n<p>                                <i>* La r\u00e9alisation de maquette &#038; Budg\u00e9tisation se fait via nos partenaires<\/i>\n                                <\/p>\n<p style=\"margin-left:20px;\">\n                                    <b>Conception-R\u00e9daction de documents de projets:<\/b><\/p>\n<p>                                    Option 1 : Formation \u00e0 la m\u00e9thodologie sans participation \u00e0 la r\u00e9daction<\/p>\n<p>                                    Option 2 : Formation \u00e0 la m\u00e9thodologie et accompagnement \u00e0 la r\u00e9daction du projet<\/p>\n<p>                                    <i>* La prestation sera r\u00e9alis\u00e9e selon l&rsquo;option retenue<\/i>\n                                <\/p>\n<\/p>\n<h3>R\u00e9ponse \u00e0 un appel \u00e0 projet<\/h3>\n<p>\n                                    Option 1 : Une formation<\/p>\n<p>                                    Option 2 : Un accompagnement (appui\/conseil) depuis la gestion et le pilotage de la d\u00e9marche projet, jusqu\u2019\u00e0 la r\u00e9daction et la mise en forme du dossier de r\u00e9ponse \u00e0 l\u2019appel \u00e0 projet.<\/p>\n<p>                                    <i>* Le cas \u00e9ch\u00e9ant, MIYENI peut vous apporter un appui pour la pr\u00e9paration de la pr\u00e9sentation du projet devant la commission de s\u00e9lection d&rsquo;appel \u00e0 projet.<\/i>\n                                <\/p>\n<\/p>\n<h3>Gestion de projets<\/h3>\n<p style=\"text-indent:0px;\">MIYENI vous accompagne avec des strat\u00e9gies et conseils en gestion de projets.<\/p>\n<\/p>\n<h3>Gestion de subventions<\/h3>\n<p style=\"text-indent:0px;\">MIYENI vous aide \u00e0 \u00e9tablir des rapports en temps voulu et \u00e0 veiller \u00e0 ce que la subvention soit utilis\u00e9e et comptabilis\u00e9e comme pr\u00e9vu dans l\u2019accord de subvention.<\/p>\n<\/p>\n<h3>Marketing des OSBL<\/h3>\n<p style=\"text-indent:0px;\">MIYENI vous aide \u00e0 avoir une bonne strat\u00e9gie marketing pour permettre \u00e0 votre identit\u00e9 associative de se d\u00e9velopper plus rapidement, ce qui entra\u00eenera une plus grande notori\u00e9t\u00e9.<\/p>\n<p>Nous identifierons les strat\u00e9gies les plus efficaces pour que votre OSBL puisse atteindre ses objectifs tout en \u00e9vitant de trop se disperser, en particulier si votre budget marketing ou vos ressources sont limit\u00e9s.<\/p>\n<\/p>\n<h3>Alerte aux opportunit\u00e9s de financement<\/h3>\n<p style=\"text-indent:0px;\">MIYENI identifie des appels \u00e0 projets et vous les communique avec tous les d\u00e9tails et documents n\u00e9cessaires pour compl\u00e9ter votre candidature.<\/p>\n<\/div>\n<\/div>\n<\/div>\n<p>\n<\/div><div class=\"kc-elm kc-css-412034\" style=\"height: 40px; clear: both; width:100%;\"><\/div><\/div><\/div><\/div><\/div><\/section>","protected":false},"excerpt":{"rendered":"","protected":false},"author":2,"featured_media":0,"parent":0,"menu_order":0,"comment_status":"closed","ping_status":"closed","template":"tpl-king_composer.php","meta":{"footnotes":""},"class_list":["post-634","page","type-page","status-publish","hentry"],"jetpack_sharing_enabled":true,"_links":{"self":[{"href":"https:\/\/business.miyeni.com\/en\/wp-json\/wp\/v2\/pages\/634"}],"collection":[{"href":"https:\/\/business.miyeni.com\/en\/wp-json\/wp\/v2\/pages"}],"about":[{"href":"https:\/\/business.miyeni.com\/en\/wp-json\/wp\/v2\/types\/page"}],"author":[{"embeddable":true,"href":"https:\/\/business.miyeni.com\/en\/wp-json\/wp\/v2\/users\/2"}],"replies":[{"embeddable":true,"href":"https:\/\/business.miyeni.com\/en\/wp-json\/wp\/v2\/comments?post=634"}],"version-history":[{"count":8,"href":"https:\/\/business.miyeni.com\/en\/wp-json\/wp\/v2\/pages\/634\/revisions"}],"predecessor-version":[{"id":643,"href":"https:\/\/business.miyeni.com\/en\/wp-json\/wp\/v2\/pages\/634\/revisions\/643"}],"wp:attachment":[{"href":"https:\/\/business.miyeni.com\/en\/wp-json\/wp\/v2\/media?parent=634"}],"curies":[{"name":"wp","href":"https:\/\/api.w.org\/{rel}","templated":true}]}}