{"id":625,"date":"2024-10-26T05:37:17","date_gmt":"2024-10-26T05:37:17","guid":{"rendered":"https:\/\/business.miyeni.com\/?page_id=625"},"modified":"2024-10-26T05:37:17","modified_gmt":"2024-10-26T05:37:17","slug":"services-fundraising","status":"publish","type":"page","link":"https:\/\/business.miyeni.com\/en\/services-fundraising\/","title":{"rendered":"Service Collecte de Fonds"},"content":{"rendered":"<section class=\"kc-elm kc-css-632234 kc_row\"><div class=\"kc-row-container  kc-container\"><div class=\"kc-wrap-columns\"><div class=\"kc-elm kc-css-850406 kc_col-sm-12 kc_column kc_col-sm-12\"><div class=\"kc-col-container\"><div class=\"kc-elm kc-css-597124 kc_text_block\"><\/p>\n<div class=\"causes-single\">\n<div class=\"lower-box\">\n<div class=\"dark-text\">\n<p>MIYENI vous propose un \u00e9ventail de possibilit\u00e9s pour collecter des fonds.<\/p>\n<\/p>\n<h3>Collecte de fonds face \u00e0 face<\/h3>\n<p>MIYENI va \u00e0 la rencontre du public pour pr\u00e9senter, lors d\u2019un \u00e9change informel et convivial, les actions r\u00e9alis\u00e9es par votre organisation.<\/p>\n<p style=\"text-indent: 25px;\"><b>Option 1<\/b> : Nous mettons \u00e0 votre disposition notre expertise par la formation et le conseil dans l\u2019organisation de programmes de collecte de fonds.<\/p>\n<p style=\"text-indent: 25px;\"><b>Option 2<\/b> : MIYENI se charge de toute l\u2019organisation logistique de la collecte de fonds et affecte \u00e0 votre collecte, une \u00e9quipe de fundraisers tout au long de votre programme de collecte.<\/p>\n<\/p>\n<h3>La sollicitation personnelle<\/h3>\n<p>MIYENI met \u00e0 votre disposition des orateurs \u00e9loquents et un bon \u00ab argumentaire \u00e9clair \u00bb pour expliquer pourquoi soutenir votre cause lors de rendez-vous physique.<\/p>\n<\/p>\n<h3>La collecte \u00e9v\u00e8nementielle<\/h3>\n<p>Vous organisez un \u00e9v\u00e9nement ? Nous mettons \u00e0 disposition une \u00e9quipe de fundraisers pour pr\u00e9senter vos actions et collecter des fonds lors de votre \u00e9v\u00e9nement. Nous vous accompagnons \u00e9galement dans la recherche d\u2019\u00e9v\u00e9nements adapt\u00e9s \u00e0 votre association pour optimiser votre pr\u00e9sence sur place.<\/p>\n<\/p>\n<h3>La collecte \u00e9v\u00e8nementielle<\/h3>\n<p>Vous organisez un \u00e9v\u00e9nement ? Nous mettons \u00e0 disposition une \u00e9quipe de fundraisers pour pr\u00e9senter vos actions et collecter des fonds lors de votre \u00e9v\u00e9nement. Nous vous accompagnons \u00e9galement dans la recherche d\u2019\u00e9v\u00e9nements adapt\u00e9s \u00e0 votre association pour optimiser votre pr\u00e9sence sur place.<\/p>\n<\/p>\n<h3>La collecte en ligne ou crowfunding<\/h3>\n<p>Notre \u00e9quipe se chargera de vous inscrire sur notre site internet et sur d\u2019autres plateformes sp\u00e9cialis\u00e9es pour maximiser vos chances de collecter ce qu\u2019il vous faut. (***uniquement le crowdgiving)<\/p>\n<\/div>\n<\/div>\n<\/div>\n<p>\n<\/div><div class=\"kc-elm kc-css-772776\" style=\"height: 0px; clear: both; width:100%;\"><\/div><\/div><\/div><\/div><\/div><\/section>","protected":false},"excerpt":{"rendered":"","protected":false},"author":2,"featured_media":0,"parent":0,"menu_order":0,"comment_status":"closed","ping_status":"closed","template":"tpl-king_composer.php","meta":{"footnotes":""},"class_list":["post-625","page","type-page","status-publish","hentry"],"jetpack_sharing_enabled":true,"_links":{"self":[{"href":"https:\/\/business.miyeni.com\/en\/wp-json\/wp\/v2\/pages\/625"}],"collection":[{"href":"https:\/\/business.miyeni.com\/en\/wp-json\/wp\/v2\/pages"}],"about":[{"href":"https:\/\/business.miyeni.com\/en\/wp-json\/wp\/v2\/types\/page"}],"author":[{"embeddable":true,"href":"https:\/\/business.miyeni.com\/en\/wp-json\/wp\/v2\/users\/2"}],"replies":[{"embeddable":true,"href":"https:\/\/business.miyeni.com\/en\/wp-json\/wp\/v2\/comments?post=625"}],"version-history":[{"count":6,"href":"https:\/\/business.miyeni.com\/en\/wp-json\/wp\/v2\/pages\/625\/revisions"}],"predecessor-version":[{"id":632,"href":"https:\/\/business.miyeni.com\/en\/wp-json\/wp\/v2\/pages\/625\/revisions\/632"}],"wp:attachment":[{"href":"https:\/\/business.miyeni.com\/en\/wp-json\/wp\/v2\/media?parent=625"}],"curies":[{"name":"wp","href":"https:\/\/api.w.org\/{rel}","templated":true}]}}