{"id":591,"date":"2024-10-23T16:17:14","date_gmt":"2024-10-23T16:17:14","guid":{"rendered":"https:\/\/business.miyeni.com\/?page_id=591"},"modified":"2024-10-23T19:56:44","modified_gmt":"2024-10-23T19:56:44","slug":"team","status":"publish","type":"page","link":"https:\/\/business.miyeni.com\/en\/team\/","title":{"rendered":"L&rsquo;\u00e9quipe"},"content":{"rendered":"<section class=\"kc-elm kc-css-627160 kc_row\"><div class=\"kc-row-container  kc-container\"><div class=\"kc-wrap-columns\"><div class=\"kc-elm kc-css-809313 kc_col-sm-12 kc_column kc_col-sm-12\"><div class=\"kc-col-container\"><div class=\"kc-elm kc-css-357187 kc_text_block\"><\/p>\n<section class=\"title-section\">\n<div class=\"auto-container\">\n<div class=\"text\">Des professionnels exp\u00e9riment\u00e9s \u00e0 votre \u00e9coute<\/div>\n<\/div>\n<\/section>\n<div id=\"start\" class=\"sidebar-page-container blog-page\" style=\"border: 0px solid red; padding: 20px;\">\n<div class=\"auto-container\">\n<div class=\"row clearfix\">\n<div class=\"content-side col-lg-6 col-md-8 col-sm-12 col-xs-12\">\n<div class=\"causes-single\">\n<div class=\"lower-box\">\n<div class=\"dark-text\">\n<h3>Une \u00e9quipe agile et innovante, des profils compl\u00e9mentaires et vari\u00e9s pour r\u00e9pondre \u00e0 vos besoins<\/h3>\n<div class=\"image\"><img decoding=\"async\" src=\"https:\/\/miyeni.com\/public\/images\/our-team.svg\" alt=\"\" \/><\/div>\n<\/div>\n<\/div>\n<\/div>\n<\/div>\n<div class=\"content-side col-lg-6 col-md-8 col-sm-12 col-xs-12\">\n<div class=\"causes-single\">\n<div class=\"lower-box\">\n<div class=\"dark-text\">\n<ul class=\"list-style-two\">\n<li>Au pilotage et aux op\u00e9rations, une \u00e9quipe exp\u00e9riment\u00e9e, polyvalente et soud\u00e9e:<\/li>\n<\/ul>\n<p>Nous avons constitu\u00e9 une \u00e9quipe exp\u00e9riment\u00e9e de passionn\u00e9s ayant une motivation naturelle \u00e0 faire pour le mieux dans le strict int\u00e9r\u00eat des OSBL clientes.<br \/>Notre \u00e9quipe est soud\u00e9e, polyvalente, r\u00e9active et en dialogue continu avec ses clients.Nous cultivons l\u2019analyse, l\u2019action avec bon sens, la productivit\u00e9, le souci du d\u00e9tail et le travail bien fait.<\/p>\n<ul class=\"list-style-two\">\n<li>Une organisation agile pour chaque projet:<\/li>\n<\/ul>\n<p>Chaque OSBL \u00e9tant unique et ayant des besoins sp\u00e9cifiques, nous nous adaptons \u00e0 chaque situation particuli\u00e8re. En fonction des projets, nous cr\u00e9ons des \u00e9quipes projet sur-mesure d\u00e9di\u00e9es, adapt\u00e9es \u00e0 ses besoins.<\/p>\n<ul class=\"list-style-two\">\n<li>Des experts d\u00e9vou\u00e9s pour chaque organisation:<\/li>\n<\/ul>\n<p>Nos expert\u00b7e\u00b7s sont des dirigeant\u00b7e\u00b7s exp\u00e9riment\u00e9\u00b7e\u00b7s qui ont occup\u00e9 des fonctions cl\u00e9s aussi bien dans des entreprises priv\u00e9es que des organisations \u00e0 but non lucratif, en C\u00f4te d\u2019Ivoire comme \u00e0 l\u2019international. Au fil du temps, nous avons \u00e9galement b\u00e2ti un r\u00e9seau de partenaires externes sp\u00e9cialis\u00e9\u00b7e\u00b7s. Nous pouvons ainsi faire appel aux meilleurs profils pour compl\u00e9ter les comp\u00e9tences de nos expert\u00b7e\u00b7s si, par sa complexit\u00e9, un projet n\u00e9cessite une expertise tr\u00e8s particuli\u00e8re.<br \/>Nos expert\u00b7e\u00b7s et partenaires sont entour\u00e9\u00b7e\u00b7s d\u2019une \u00e9quipe op\u00e9rationnelle d\u00e9vou\u00e9e et dynamique, qui constitue le c\u0153ur de notre Excellence.<\/p>\n<\/div>\n<\/div>\n<\/div>\n<\/div>\n<\/div>\n<\/div>\n<\/div>\n<p>\n<\/div><\/div><\/div><\/div><\/div><\/section>","protected":false},"excerpt":{"rendered":"","protected":false},"author":1,"featured_media":0,"parent":0,"menu_order":0,"comment_status":"closed","ping_status":"closed","template":"tpl-king_composer.php","meta":{"footnotes":""},"class_list":["post-591","page","type-page","status-publish","hentry"],"jetpack_sharing_enabled":true,"_links":{"self":[{"href":"https:\/\/business.miyeni.com\/en\/wp-json\/wp\/v2\/pages\/591"}],"collection":[{"href":"https:\/\/business.miyeni.com\/en\/wp-json\/wp\/v2\/pages"}],"about":[{"href":"https:\/\/business.miyeni.com\/en\/wp-json\/wp\/v2\/types\/page"}],"author":[{"embeddable":true,"href":"https:\/\/business.miyeni.com\/en\/wp-json\/wp\/v2\/users\/1"}],"replies":[{"embeddable":true,"href":"https:\/\/business.miyeni.com\/en\/wp-json\/wp\/v2\/comments?post=591"}],"version-history":[{"count":6,"href":"https:\/\/business.miyeni.com\/en\/wp-json\/wp\/v2\/pages\/591\/revisions"}],"predecessor-version":[{"id":605,"href":"https:\/\/business.miyeni.com\/en\/wp-json\/wp\/v2\/pages\/591\/revisions\/605"}],"wp:attachment":[{"href":"https:\/\/business.miyeni.com\/en\/wp-json\/wp\/v2\/media?parent=591"}],"curies":[{"name":"wp","href":"https:\/\/api.w.org\/{rel}","templated":true}]}}