{"id":511,"date":"2024-10-15T14:23:05","date_gmt":"2024-10-15T14:23:05","guid":{"rendered":"https:\/\/business.miyeni.com\/?page_id=511"},"modified":"2024-10-28T18:55:27","modified_gmt":"2024-10-28T18:55:27","slug":"mot-du-president","status":"publish","type":"page","link":"https:\/\/business.miyeni.com\/en\/mot-du-president\/","title":{"rendered":"CEO Words"},"content":{"rendered":"<section class=\"kc-elm kc-css-721391 kc_row\"><div class=\"kc-row-container  kc-container\"><div class=\"kc-wrap-columns\"><div class=\"kc-elm kc-css-395651 kc_col-sm-12 kc_column kc_col-sm-12\"><div class=\"kc-col-container\"><div class=\"kc-elm kc-css-383700 kc_text_block\"><\/p>\n<div class=\"causes-single\">\n<p><!--Upper Box--><\/p>\n<div class=\"upper-box\">\n<h2>Le mot de la Pr\u00e9sidente<\/h2>\n<\/div>\n<p><!--Lower Box--><\/p>\n<div class=\"lower-box\">\n<div class=\"text\" style=\"color: #1b2631;\">\n<p>Chers partenaires,<\/p>\n<p style=\"text-indent: 50px;\">Nous sommes particuli\u00e8rement heureux de vous accueillir sur notre site institutionnel pour tisser une relation privil\u00e9gi\u00e9e avec vous.<\/p>\n<p>Notre site est une plateforme d\u2019\u00e9changes, de recrutement et un canal de communication, mis \u00e0 votre service o\u00f9 que vous soyez.<\/p>\n<p class=\"text\" style=\"text-indent: 50px; color: #1b2631;\">Le but recherch\u00e9 derri\u00e8re chaque service que nous offrons, est de rendre les organisations africaines \u00e0 but non lucratif, efficaces et efficientes.<br \/>Pour y parvenir, nous nous engageons \u00e0 :<\/p>\n<ul class=\"list-style-two\">\n<li>Optimiser les performances de l\u2019<span title=\"Organisme Sans But Lucratif\">OSBL<\/span><\/li>\n<li>Am\u00e9liorer l&rsquo;image de l\u2019<span title=\"Organisme Sans But Lucratif\">OSBL<\/span><\/li>\n<li>Obtenir aux OSBL, les ressources humaines, mat\u00e9rielles et financi\u00e8res n\u00e9cessaires \u00e0 la r\u00e9alisation de leurs missions<\/li>\n<li>Renforcer la collaboration avec les partenaires<\/li>\n<li>Prendre en charge les pr\u00e9occupations des OSBL tout en respectant les exigences l\u00e9gales et r\u00e9glementaires<\/li>\n<\/ul>\n<p style=\"text-indent: 50px;\">Notre ambition \u00e9tant : d\u2019\u00eatre un organisme de r\u00e9f\u00e9rence en Afrique en mati\u00e8re de recherche de financement et de renforcement des capacit\u00e9s des OSBL africaines; nous int\u00e9grons l\u2019excellence dans notre fonctionnement comme une strat\u00e9gie et une culture d\u2019entreprise.<\/p>\n<blockquote>\n<p>Vous \u00eates une organisation africaine sans but lucratif (OSBL) africaine, et vous recherchez une structure pour vous accompagner dans la recherche de financement et l\u2019optimisation des performances de votre organisation ?<\/p>\n<p>Optez pour MIYENI<\/p>\n<\/blockquote>\n<p style=\"text-indent: 50px;\">Nous vous remercions de votre visite et vous r\u00e9it\u00e9rons notre pr\u00e9disposition \u00e0 vous accompagner avec excellence, pour mieux servir les personnes vuln\u00e9rables ; en esp\u00e9rant que notre site institutionnel soit un moyen de vous tenir inform\u00e9s de nos r\u00e9alisations, et de nos activit\u00e9s.<\/p>\n<\/div>\n<\/div>\n<\/div>\n<div class=\"author-info pull-left\">\n<div class=\"img-thumb\">\n                            <!--<img decoding=\"async\" src=\"images\/resource\/author-1.jpg\" alt=\"\" \/>-->\n                        <\/div>\n<h4>AMON D&rsquo;ABY THUO Paule<\/h4>\n<div class=\"designation\">Pr\u00e9sidente MIYENI<\/div>\n<div class=\"signature pull-right\">\n<div class=\"signature-img\">\n<\/div>\n<\/div>\n<\/div>\n<p>\n<\/div><div class=\"kc-elm kc-css-736500\" style=\"height: 20px; clear: both; width:100%;\"><\/div><\/div><\/div><\/div><\/div><\/section>","protected":false},"excerpt":{"rendered":"","protected":false},"author":1,"featured_media":0,"parent":0,"menu_order":0,"comment_status":"closed","ping_status":"closed","template":"tpl-king_composer.php","meta":{"footnotes":""},"class_list":["post-511","page","type-page","status-publish","hentry"],"jetpack_sharing_enabled":true,"_links":{"self":[{"href":"https:\/\/business.miyeni.com\/en\/wp-json\/wp\/v2\/pages\/511"}],"collection":[{"href":"https:\/\/business.miyeni.com\/en\/wp-json\/wp\/v2\/pages"}],"about":[{"href":"https:\/\/business.miyeni.com\/en\/wp-json\/wp\/v2\/types\/page"}],"author":[{"embeddable":true,"href":"https:\/\/business.miyeni.com\/en\/wp-json\/wp\/v2\/users\/1"}],"replies":[{"embeddable":true,"href":"https:\/\/business.miyeni.com\/en\/wp-json\/wp\/v2\/comments?post=511"}],"version-history":[{"count":6,"href":"https:\/\/business.miyeni.com\/en\/wp-json\/wp\/v2\/pages\/511\/revisions"}],"predecessor-version":[{"id":842,"href":"https:\/\/business.miyeni.com\/en\/wp-json\/wp\/v2\/pages\/511\/revisions\/842"}],"wp:attachment":[{"href":"https:\/\/business.miyeni.com\/en\/wp-json\/wp\/v2\/media?parent=511"}],"curies":[{"name":"wp","href":"https:\/\/api.w.org\/{rel}","templated":true}]}}