{"id":251,"date":"2017-08-07T06:58:16","date_gmt":"2017-08-07T06:58:16","guid":{"rendered":"http:\/\/tonatheme.com\/newwp\/huminity\/?page_id=251"},"modified":"2024-10-28T14:14:52","modified_gmt":"2024-10-28T14:14:52","slug":"contact-us","status":"publish","type":"page","link":"https:\/\/business.miyeni.com\/en\/contact-us\/","title":{"rendered":"Contact Us"},"content":{"rendered":"<p><section class=\"kc-elm kc-css-399790 kc_row\"><div class=\"kc-row-container\"><div class=\"kc-wrap-columns\"><div class=\"kc-elm kc-css-146498 kc_col-sm-12 kc_column kc_col-sm-12\"><div class=\"kc-col-container\"><!--Map Section-->\r\n<section class=\"map-section\">\r\n    <!--Map Outer-->\r\n    <div class=\"map-outer\">\r\n        <!--Map Canvas-->\r\n        <div class=\"map-canvas\"\r\n            data-zoom=\"12\"\r\n            data-lat=\"-37.817085\"\r\n            data-lng=\"144.955631\"\r\n            data-icon-path=\"\"\r\n            data-type=\"roadmap\"\r\n            data-hue=\"#ffc400\"\r\n            data-title=\"Envato\"\r\n            data-content=\"Melbourne VIC 3000, Australia<br><a href='mailto:info@youremail.com'>info@youremail.com<\/a>\">\r\n        <\/div>\r\n    <\/div>\r\n<\/section>\r\n<!--End Map Section-->\r\n<\/div><\/div><\/div><\/div><\/section><section class=\"kc-elm kc-css-2349 kc_row\"><div class=\"kc-row-container  kc-container\"><div class=\"kc-wrap-columns\"><div class=\"kc-elm kc-css-932765 kc_col-sm-12 kc_column kc_col-sm-12\"><div class=\"kc-col-container\"><!--Contact Section-->\r\n<section class=\"contact-section\">\r\n    <div class=\"auto-container\">\r\n        <div class=\"row clearfix\">\r\n            \r\n            <!--Form Column-->\r\n            <div class=\"form-column col-md-7 col-sm-12 col-xs-12\">\r\n                \r\n                <h2>Envoyer un message<\/h2>\r\n                <div class=\"text\">Merci pour votre int\u00e9r\u00eat. Nos \u00e9quipes vous contacterons dans les meilleures d\u00e9lais.<\/div>\r\n                <!--Contact Form-->\r\n                <div class=\"contact-form\">\r\n                    <div id=\"contact-form\">\r\n                        <div class=\"row clearfix\">\r\n                    \t\t\n<div class=\"wpcf7 no-js\" id=\"wpcf7-f6-o1\" lang=\"en-US\" dir=\"ltr\" data-wpcf7-id=\"6\">\n<div class=\"screen-reader-response\"><p role=\"status\" aria-live=\"polite\" aria-atomic=\"true\"><\/p> <ul><\/ul><\/div>\n<form action=\"\/en\/wp-json\/wp\/v2\/pages\/251#wpcf7-f6-o1\" method=\"post\" class=\"wpcf7-form init\" aria-label=\"Contact form\" novalidate=\"novalidate\" data-status=\"init\" data-trp-original-action=\"\/en\/wp-json\/wp\/v2\/pages\/251#wpcf7-f6-o1\">\n<div style=\"display: none;\">\n<input type=\"hidden\" name=\"_wpcf7\" value=\"6\" \/>\n<input type=\"hidden\" name=\"_wpcf7_version\" value=\"6.0.3\" \/>\n<input type=\"hidden\" name=\"_wpcf7_locale\" value=\"en_US\" \/>\n<input type=\"hidden\" name=\"_wpcf7_unit_tag\" value=\"wpcf7-f6-o1\" \/>\n<input type=\"hidden\" name=\"_wpcf7_container_post\" value=\"0\" \/>\n<input type=\"hidden\" name=\"_wpcf7_posted_data_hash\" value=\"\" \/>\n<input type=\"hidden\" name=\"_wpcf7_recaptcha_response\" value=\"\" \/>\n<\/div>\n<div class=\"form-group col-md-6 col-sm-6 col-xs-12\">\n\t<p><span class=\"wpcf7-form-control-wrap\" data-name=\"your-name\"><input size=\"40\" maxlength=\"400\" class=\"wpcf7-form-control wpcf7-text wpcf7-validates-as-required\" aria-required=\"true\" aria-invalid=\"false\" placeholder=\"Votre nom\" value=\"\" type=\"text\" name=\"your-name\" \/><\/span>\n\t<\/p>\n<\/div>\n<div class=\"form-group col-md-6 col-sm-6 col-xs-12\">\n\t<p><span class=\"wpcf7-form-control-wrap\" data-name=\"your-email\"><input size=\"40\" maxlength=\"400\" class=\"wpcf7-form-control wpcf7-email wpcf7-validates-as-required wpcf7-text wpcf7-validates-as-email\" aria-required=\"true\" aria-invalid=\"false\" placeholder=\"Votre email\" value=\"\" type=\"email\" name=\"your-email\" \/><\/span>\n\t<\/p>\n<\/div>\n<div class=\"form-group col-md-12 col-sm-12 col-xs-12\">\n\t<p><span class=\"wpcf7-form-control-wrap\" data-name=\"your-message\"><textarea cols=\"40\" rows=\"10\" maxlength=\"2000\" class=\"wpcf7-form-control wpcf7-textarea\" aria-invalid=\"false\" placeholder=\"Votre message\" name=\"your-message\"><\/textarea><\/span>\n\t<\/p>\n<\/div>\n<div class=\"form-group col-md-12 col-sm-12 col-xs-12\">\n\t<p><input class=\"wpcf7-form-control wpcf7-submit has-spinner theme-btn btn-style-one\" type=\"submit\" value=\"Envoyer\" \/>\n\t<\/p>\n<\/div><p style=\"display: none !important;\" class=\"akismet-fields-container\" data-prefix=\"_wpcf7_ak_\"><label>&#916;<textarea name=\"_wpcf7_ak_hp_textarea\" cols=\"45\" rows=\"8\" maxlength=\"100\"><\/textarea><\/label><input type=\"hidden\" id=\"ak_js_1\" name=\"_wpcf7_ak_js\" value=\"3\"\/><script>document.getElementById( \"ak_js_1\" ).setAttribute( \"value\", ( new Date() ).getTime() );<\/script><\/p><div class=\"wpcf7-response-output\" aria-hidden=\"true\"><\/div>\n<input type=\"hidden\" name=\"trp-form-language\" value=\"en\"\/><\/form>\n<\/div>\n                        <\/div>\r\n                    <\/div>\r\n                <\/div>\r\n                <!--End Contact Form-->\r\n                \r\n            <\/div>\r\n        \r\n            <!--Info Container-->\r\n            <div class=\"info-column col-md-5 col-sm-12 col-xs-12\">\r\n                <div class=\"inner-column\">\r\n                    <h2>Nos Contacts<\/h2>\r\n                    <ul class=\"contact-info\">\r\n                        <li><div class=\"icon-box\"><span class=\"\">@<\/span><\/div><h4>E-mail<\/h4>contact@miyeni.com<\/li>\r\n                        <li><div class=\"icon-box\"><span class=\"flaticon-technology-1\"><\/span><\/div><h4>Phone<\/h4> (+225) 07 59 20 53 40<\/li>\r\n                        <li><div class=\"icon-box\"><span class=\"flaticon-fax\"><\/span><\/div><h4>FAX<\/h4><\/li>\r\n                        <li><div class=\"icon-box\"><span class=\"flaticon-placeholder-1\"><\/span><\/div><h4>Address<\/h4>Cocody Riviera palmeraie, <br>\u00e0 cot\u00e9 de la clinique Notre dame de l\u2019incarnation<\/li>\r\n                    <\/ul>\r\n                <\/div>\r\n            <\/div>\r\n            \r\n        <\/div>\r\n    <\/div>\r\n<\/section>\r\n<!--End Contact Section-->\r\n<\/div><\/div><\/div><\/div><\/section><\/p>","protected":false},"excerpt":{"rendered":"","protected":false},"author":1,"featured_media":0,"parent":0,"menu_order":0,"comment_status":"closed","ping_status":"closed","template":"tpl-king_composer.php","meta":{"footnotes":""},"class_list":["post-251","page","type-page","status-publish","hentry"],"jetpack_sharing_enabled":true,"_links":{"self":[{"href":"https:\/\/business.miyeni.com\/en\/wp-json\/wp\/v2\/pages\/251"}],"collection":[{"href":"https:\/\/business.miyeni.com\/en\/wp-json\/wp\/v2\/pages"}],"about":[{"href":"https:\/\/business.miyeni.com\/en\/wp-json\/wp\/v2\/types\/page"}],"author":[{"embeddable":true,"href":"https:\/\/business.miyeni.com\/en\/wp-json\/wp\/v2\/users\/1"}],"replies":[{"embeddable":true,"href":"https:\/\/business.miyeni.com\/en\/wp-json\/wp\/v2\/comments?post=251"}],"version-history":[{"count":1,"href":"https:\/\/business.miyeni.com\/en\/wp-json\/wp\/v2\/pages\/251\/revisions"}],"predecessor-version":[{"id":789,"href":"https:\/\/business.miyeni.com\/en\/wp-json\/wp\/v2\/pages\/251\/revisions\/789"}],"wp:attachment":[{"href":"https:\/\/business.miyeni.com\/en\/wp-json\/wp\/v2\/media?parent=251"}],"curies":[{"name":"wp","href":"https:\/\/api.w.org\/{rel}","templated":true}]}}