{"id":174,"date":"2017-08-04T11:26:13","date_gmt":"2017-08-04T11:26:13","guid":{"rendered":"http:\/\/tonatheme.com\/newwp\/huminity\/?page_id=174"},"modified":"2024-10-23T18:55:14","modified_gmt":"2024-10-23T18:55:14","slug":"about-us","status":"publish","type":"page","link":"https:\/\/business.miyeni.com\/en\/about-us\/","title":{"rendered":"About MIYENI"},"content":{"rendered":"<p><section class=\"kc-elm kc-css-815673 kc_row\"><div class=\"kc-row-container  kc-container\"><div class=\"kc-wrap-columns\"><div class=\"kc-elm kc-css-988561 kc_col-sm-12 kc_column kc_col-sm-12\"><div class=\"kc-col-container\"><!--Title Section-->\r\n<section class=\"title-section\">\r\n    <div class=\"auto-container\">\r\n        <div class=\"text\">Huminity is the <span class=\"theme_color\">world\u2019s #1<\/span> fundraising site forcharitable causes. Raise money for over 1.5 million charities, marathons, events and employee giving.<\/div>\r\n    <\/div>\r\n<\/section>\r\n<!--End Title Section-->\r\n<\/div><\/div><\/div><\/div><\/section><section class=\"kc-elm kc-css-335442 kc_row\"><div class=\"kc-row-container  kc-container\"><div class=\"kc-wrap-columns\"><div class=\"kc-elm kc-css-99959 kc_column kc_col-sm-12\"><div class=\"kc-col-container\"><div class=\"kc-elm kc-css-127832\" style=\"height: 20px; clear: both; width:100%;\"><\/div><div class=\"kc-elm kc-css-680390 kc_text_block\"><\/p>\n<div class=\"lower-box\">\n<div class=\"dark-text\">\n<h3>About MIYENI<\/h3>\n<p>\n                                Miy\u00e9ni est une SAS cr\u00e9\u00e9e en C\u00f4te d\u2019Ivoire dont l\u2019activit\u00e9 principale est la recherche de financement et l\u2019optimisation des performances des Organisations<br \/>                                Sans But Lucratif (OSBL) africaines par la formation, le conseil, le coaching et l\u2019assistance technique.\n                            <\/p>\n<p>\n                                MIYENI est constitu\u00e9e de consultants internationaux comp\u00e9tents, et est partenaire de structures de d\u00e9veloppement qui interviennent<br \/>                                dans diff\u00e9rents domaines cl\u00e9s au d\u00e9veloppement et \u00e0 la p\u00e9rennit\u00e9 d\u2019une OSBL.\n                            <\/p>\n<\/p>\n<h3>Who we are<\/h3>\n<p>\n                                A pioneer in supporting African non-profit organizations (NPOs), MIYENI helps them to secure financing and strengthen their operational and organizational capacities.                            <\/p>\n<\/p>\n<h3>Pourquoi nous choisir ?<\/h3>\n<p>\n                                Notre \u00e9quipe est dot\u00e9e de consultants nationaux et internationaux ayant une compr\u00e9hension contextuelle approfondie des OSBL africaines et de leurs objectifs. Ils se soucient de renforcer les capacit\u00e9s et l\u2019impact de ces organisations et veulent voir leurs progr\u00e8s.\n                            <\/p>\n<p>\n                                Pour augmenter la visibilit\u00e9 de ses clients et contribuer \u00e0 une interconnexion entre les organisations, MIYENI promeut des plates-formes nationales et internationales d\u2019\u00e9changes sur des th\u00e9matiques qui concernent les organisations africaines \u00e0 but non-lucratif.\n                            <\/p>\n<\/div>\n<\/div>\n<p>\n<\/div><div class=\"kc-elm kc-css-683006 kc_text_block\"><\/p>\n<section class=\"who-we-are-section\">\n<div class=\"auto-container\">\n<div class=\"inner-container\">\n<div class=\"row clearfix\">\n<p><!--Services Style Two--><\/p>\n<div class=\"services-style-two col-md-4 col-sm-6 col-xs-12\">\n<div class=\"inner-box\">\n<div class=\"block-number\">01<\/div>\n<h2><a href=\"#\">Notre Vision<\/a><\/h2>\n<div class=\"title\">\u00a0<\/div>\n<div class=\"text\">L&rsquo;engagement de chacun et la collaboration de tous, pour rendre p\u00e9rennes les actions des organisations \u00e0 but non lucratif.<\/div>\n<\/div>\n<\/div>\n<p><!--Services Style Two--><\/p>\n<div class=\"services-style-two col-md-4 col-sm-6 col-xs-12\">\n<div class=\"inner-box\">\n<div class=\"block-number\">02<\/div>\n<h2><a href=\"#\">Notre Mission<\/a><\/h2>\n<div class=\"title\">\u00a0<\/div>\n<div class=\"text\">Rendre les OSBL africaines, plus fiables aux yeux des bailleurs internationaux et capables d\u2019obtenir les ressources dont elles ont besoin pour remplir leurs missions.<\/div>\n<\/div>\n<\/div>\n<p><!--Services Style Two--><\/p>\n<div class=\"services-style-two col-md-4 col-sm-6 col-xs-12\">\n<div class=\"inner-box\">\n<div class=\"block-number\">03<\/div>\n<h2><a href=\"#\">Domaines d&rsquo;intervention<\/a><\/h2>\n<div class=\"text\">\n<ul class=\"list-style-two\">\n<li>Recherche de financement et collecte de fonds<\/li>\n<li>Communication<\/li>\n<li>Accompagnement et conseil<\/li>\n<li>Teaching<\/li>\n<li>Audit Organisation et performance<\/li>\n<\/ul>\n<\/div>\n<\/div>\n<\/div>\n<\/div>\n<\/div>\n<\/div>\n<\/section>\n<p>\n<\/div><\/div><\/div><\/div><\/div><\/section><section class=\"kc-elm kc-css-817217 kc_row\"><div class=\"kc-row-container  kc-container\"><div class=\"kc-wrap-columns\"><div class=\"kc-elm kc-css-557251 kc_col-sm-12 kc_column kc_col-sm-12\"><div class=\"kc-col-container\"><div class=\"kc-elm kc-css-673949\" style=\"height: 20px; clear: both; width:100%;\"><\/div><!--Default Section-->\r\n<section class=\"default-section style-two\">\r\n    <div class=\"auto-container\">\r\n        <div class=\"row clearfix\">\r\n            \r\n            <!--Video Column-->\r\n            <div class=\"video-column col-md-6 col-sm-12 col-xs-12\">\r\n                <div class=\"video-box\">\r\n                    <figure class=\"image\">\r\n                        <img decoding=\"async\" src=\"http:\/\/tonatheme.com\/newwp\/huminity\/wp-content\/uploads\/2017\/08\/video-img.jpg\" alt=\"Image\">\r\n                    <\/figure>\r\n                    <a href=\"https:\/\/www.youtube.com\/watch?v=kxPCFljwJws\" class=\"lightbox-image overlay-box\"><span class=\"flaticon-arrow\"><\/span><\/a>\r\n                <\/div>\r\n            <\/div>\r\n            \r\n            <!--About Column Two-->\r\n            <div class=\"about-column-two col-md-6 col-sm-12 col-xs-12\">\r\n                <div class=\"inner-box\">\r\n                    <h2>Who We are<\/h2>\r\n\t\t\t\t\t<div class=\"text\">\r\nLorem ipsum dolor sit amet, vis probo mediocritatem ne. Qui muciusreferrentur eu, ea sea quem dicit theophrastus. Sale justo detraxit eu usu. No nec perpetua sententiae. Laoreet antiopam principes ne eam.\r\n<\/div>\r\n<ul class=\"list-style-two\">\r\n    <li>Lorem ipsum dolor sit amet, usu an quem augue admodum.<\/li>\r\n    <li>Lorem ipsum dolor sit amet, in atqui omnesque praesent. Vix<\/li>\r\n    <li>Lorem ipsum dolor sit amet, iuvaret ancillae id mea sint.<\/li>\r\n<\/ul>                    <div class=\"clearfix\">\r\n                        <!--Author Info-->\r\n                        <div class=\"author-info pull-left\">\r\n                            <div class=\"img-thumb\">\r\n                                <img decoding=\"async\" src=\"http:\/\/tonatheme.com\/newwp\/huminity\/wp-content\/uploads\/2017\/08\/author-1.jpg\" alt=\"Image\" \/>\r\n                            <\/div>\r\n                            <h4>Jhone Michale<\/h4>\r\n                            <div class=\"designation\">CEO &amp; Founder of CharityPro<\/div>\r\n                        <\/div>\r\n                        <div class=\"signature pull-right\">\r\n                            <div class=\"signature-img\">\r\n                                <img decoding=\"async\" src=\"http:\/\/tonatheme.com\/newwp\/huminity\/wp-content\/uploads\/2017\/08\/signature.png\" alt=\"Image\" \/>\r\n                            <\/div>\r\n                        <\/div>\r\n                    <\/div>\r\n                <\/div>\r\n            <\/div>\r\n            \r\n        <\/div>\r\n    <\/div>\r\n<\/section>\r\n<!--End Default Section-->\r\n\r\n\r\n<!--Who We Are-->\r\n<section class=\"who-we-are-section\">\r\n    <div class=\"auto-container\">\r\n        <div class=\"inner-container\">\r\n            <div class=\"row clearfix\">\r\n            \t                <!--Services Style Two-->\r\n                <div class=\"services-style-two col-md-4 col-sm-6 col-xs-12\">\r\n                    <div class=\"inner-box\">\r\n                        <div class=\"block-number\">01<\/div>\r\n                        <h2><a href=\"https:\/\/business.miyeni.com\/en\/services\/our-history\/\">Our History<\/a><\/h2>\r\n                        <div class=\"title\">Work Since 1987 with Pride!!<\/div>\r\n                        <div class=\"text\">Raise more money with our custom made solution. Unlimited campai pages pledge giving, monthly giving.<\/div>\r\n                    <\/div>\r\n                <\/div>\r\n                                <!--Services Style Two-->\r\n                <div class=\"services-style-two col-md-4 col-sm-6 col-xs-12\">\r\n                    <div class=\"inner-box\">\r\n                        <div class=\"block-number\">02<\/div>\r\n                        <h2><a href=\"https:\/\/business.miyeni.com\/en\/services\/our-mission\/\">Our Mission<\/a><\/h2>\r\n                        <div class=\"title\">Mission to make smile the world<\/div>\r\n                        <div class=\"text\">Raise more money with our custom made solution. Unlimited campai pages pledge giving, monthly giving.<\/div>\r\n                    <\/div>\r\n                <\/div>\r\n                                <!--Services Style Two-->\r\n                <div class=\"services-style-two col-md-4 col-sm-6 col-xs-12\">\r\n                    <div class=\"inner-box\">\r\n                        <div class=\"block-number\">03<\/div>\r\n                        <h2><a href=\"https:\/\/business.miyeni.com\/en\/services\/large-community\/\">Large Community<\/a><\/h2>\r\n                        <div class=\"title\">Join our community &amp; help others<\/div>\r\n                        <div class=\"text\">Raise more money with our custom made solution. Unlimited campai pages pledge giving, monthly giving.<\/div>\r\n                    <\/div>\r\n                <\/div>\r\n                            <\/div>\r\n        <\/div>\r\n    <\/div>\r\n<\/section>\r\n<!--End Who We Are-->\r\n\r\n<\/div><\/div><\/div><\/div><\/section><section class=\"kc-elm kc-css-856768 kc_row\"><div class=\"kc-row-container\"><div class=\"kc-wrap-columns\"><div class=\"kc-elm kc-css-398466 kc_col-sm-12 kc_column kc_col-sm-12\"><div class=\"kc-col-container\"><!--Counter Section-->\r\n<section class=\"counter-section\" style=\"background-image:url(http:\/\/tonatheme.com\/newwp\/huminity\/wp-content\/uploads\/2017\/08\/1.jpg);\">\r\n    <div class=\"auto-container\">\r\n        <div class=\"row clearfix\">\r\n            <div class=\"fact-counter\">\r\n                <div class=\"row clearfix\">\r\n                \t                    <!--Column-->\r\n                    <div class=\"column counter-column wow fadeIn col-md-3 col-sm-6 col-xs-12\" data-wow-delay=\"0ms\" data-wow-duration=\"0ms\">\r\n                        <div class=\"inner\">\r\n                            <div class=\"count-outer count-box\">\r\n                                <span class=\"dollor-sign\">$<\/span>\r\n                                <span class=\"count-text\" data-speed=\"8000\" data-stop=\"85873\">0<\/span>\r\n                                <span class=\"plus-tag\">+<\/span>\r\n                            <\/div>\r\n                            <h4 class=\"counter-title\">Total Donation<\/h4>\r\n                        <\/div>\r\n                    <\/div>\r\n            \t\t                    <!--Column-->\r\n                    <div class=\"column counter-column wow fadeIn col-md-3 col-sm-6 col-xs-12\" data-wow-delay=\"0ms\" data-wow-duration=\"0ms\">\r\n                        <div class=\"inner\">\r\n                            <div class=\"count-outer count-box\">\r\n                                <span class=\"dollor-sign\"><\/span>\r\n                                <span class=\"count-text\" data-speed=\"8000\" data-stop=\"1479\">0<\/span>\r\n                                <span class=\"plus-tag\"><\/span>\r\n                            <\/div>\r\n                            <h4 class=\"counter-title\">Project Completed<\/h4>\r\n                        <\/div>\r\n                    <\/div>\r\n            \t\t                    <!--Column-->\r\n                    <div class=\"column counter-column wow fadeIn col-md-3 col-sm-6 col-xs-12\" data-wow-delay=\"0ms\" data-wow-duration=\"0ms\">\r\n                        <div class=\"inner\">\r\n                            <div class=\"count-outer count-box\">\r\n                                <span class=\"dollor-sign\"><\/span>\r\n                                <span class=\"count-text\" data-speed=\"8000\" data-stop=\"2560\">0<\/span>\r\n                                <span class=\"plus-tag\">+<\/span>\r\n                            <\/div>\r\n                            <h4 class=\"counter-title\">Volunteer<\/h4>\r\n                        <\/div>\r\n                    <\/div>\r\n            \t\t                    <!--Column-->\r\n                    <div class=\"column counter-column wow fadeIn col-md-3 col-sm-6 col-xs-12\" data-wow-delay=\"0ms\" data-wow-duration=\"0ms\">\r\n                        <div class=\"inner\">\r\n                            <div class=\"count-outer count-box\">\r\n                                <span class=\"dollor-sign\">$<\/span>\r\n                                <span class=\"count-text\" data-speed=\"8000\" data-stop=\"38630\">0<\/span>\r\n                                <span class=\"plus-tag\"><\/span>\r\n                            <\/div>\r\n                            <h4 class=\"counter-title\">Total Fundrising<\/h4>\r\n                        <\/div>\r\n                    <\/div>\r\n            \t\t                <\/div>\r\n            <\/div>\r\n        <\/div>\r\n    <\/div>\r\n<\/section>\r\n<!--End Counter Section-->\r\n<\/div><\/div><\/div><\/div><\/section><section class=\"kc-elm kc-css-653823 kc_row\"><div class=\"kc-row-container  kc-container\"><div class=\"kc-wrap-columns\"><div class=\"kc-elm kc-css-9033 kc_col-sm-12 kc_column kc_col-sm-12\"><div class=\"kc-col-container\">\r\n\r\n<!--Team Section-->\r\n<section class=\"team-section\">\r\n\t<div class=\"auto-container\">\r\n\t\t<!--Sec Title-->\r\n\t\t<div class=\"sec-title centered\">\r\n\t\t\t<h2>Our Volunteer<\/h2>\r\n\t\t\t<div class=\"text\">No matter how many times your amazing, absolutely brilliant<\/div>\r\n\t\t<\/div>\r\n\t\t<div class=\"row clearfix\">\r\n\t\t\t\t\t\t<!--Team Member-->\r\n\t\t\t<div class=\"team-member col-md-3 col-sm-6 col-xs-12\">\r\n\t\t\t\t<div class=\"inner-box\">\r\n\t\t\t\t\t<div class=\"image\">\r\n\t\t\t\t\t\t\t\t\t\t\t\t\r\n                        \t\t\t\t\t<\/div>\r\n\t\t\t\t\t<div class=\"lower-box\">\r\n\t\t\t\t\t\t<h3>Antonio Creighton<\/h3>\r\n\t\t\t\t\t\t<div class=\"designation\"><\/div>\r\n\t\t\t\t\t<\/div>\r\n\t\t\t\t<\/div>\r\n\t\t\t<\/div>\r\n\t\t\t\t\t\t<!--Team Member-->\r\n\t\t\t<div class=\"team-member col-md-3 col-sm-6 col-xs-12\">\r\n\t\t\t\t<div class=\"inner-box\">\r\n\t\t\t\t\t<div class=\"image\">\r\n\t\t\t\t\t\t\t\t\t\t\t\t\r\n                        \t\t\t\t\t<\/div>\r\n\t\t\t\t\t<div class=\"lower-box\">\r\n\t\t\t\t\t\t<h3>Jannatul Ferdous<\/h3>\r\n\t\t\t\t\t\t<div class=\"designation\"><\/div>\r\n\t\t\t\t\t<\/div>\r\n\t\t\t\t<\/div>\r\n\t\t\t<\/div>\r\n\t\t\t\t\t\t<!--Team Member-->\r\n\t\t\t<div class=\"team-member col-md-3 col-sm-6 col-xs-12\">\r\n\t\t\t\t<div class=\"inner-box\">\r\n\t\t\t\t\t<div class=\"image\">\r\n\t\t\t\t\t\t\t\t\t\t\t\t\r\n                        \t\t\t\t\t<\/div>\r\n\t\t\t\t\t<div class=\"lower-box\">\r\n\t\t\t\t\t\t<h3>Rashed kabir Abs<\/h3>\r\n\t\t\t\t\t\t<div class=\"designation\"><\/div>\r\n\t\t\t\t\t<\/div>\r\n\t\t\t\t<\/div>\r\n\t\t\t<\/div>\r\n\t\t\t\t\t\t<!--Team Member-->\r\n\t\t\t<div class=\"team-member col-md-3 col-sm-6 col-xs-12\">\r\n\t\t\t\t<div class=\"inner-box\">\r\n\t\t\t\t\t<div class=\"image\">\r\n\t\t\t\t\t\t\t\t\t\t\t\t\r\n                        \t\t\t\t\t<\/div>\r\n\t\t\t\t\t<div class=\"lower-box\">\r\n\t\t\t\t\t\t<h3>Jubayer Al Hasan<\/h3>\r\n\t\t\t\t\t\t<div class=\"designation\"><\/div>\r\n\t\t\t\t\t<\/div>\r\n\t\t\t\t<\/div>\r\n\t\t\t<\/div>\r\n\t\t\t\t\t<\/div>\r\n\t<\/div>\r\n<\/section>\r\n<!--End Team Section-->\r\n\r\n<\/div><\/div><\/div><\/div><\/section><section class=\"kc-elm kc-css-714571 kc_row\"><div class=\"kc-row-container\"><div class=\"kc-wrap-columns\"><div class=\"kc-elm kc-css-11061 kc_col-sm-12 kc_column kc_col-sm-12\"><div class=\"kc-col-container\">\r\n\r\n<!--Testimonial Section-->\r\n<section class=\"testimonial-section\">\r\n\t<div class=\"auto-container\">\r\n\t\t<h2>Testimonials<\/h2>\r\n\t\t<div class=\"testimonial-outer\">\r\n\t\t\r\n\t\t\t<!--Client Testimonial Carousel-->\r\n\t\t\t<div class=\"client-testimonial-carousel owl-carousel owl-theme\">\r\n\t\t\t\t\t\t\t\t<!--Testimonial Block One-->\r\n\t\t\t\t<div class=\"testimonial-block-one\">\r\n\t\t\t\t\t<div class=\"inner-box\">\r\n\t\t\t\t\t\t<div class=\"text\">Aristotle maintained the sharp distinct between science and the practical knowledge of artisans, treating theoretical speculation as the highest type of human activity, practical thinking about good living as something ...<\/div>\r\n\t\t\t\t\t<\/div>\r\n\t\t\t\t<\/div>\r\n\t\t\t\t\t\t\t\t<!--Testimonial Block One-->\r\n\t\t\t\t<div class=\"testimonial-block-one\">\r\n\t\t\t\t\t<div class=\"inner-box\">\r\n\t\t\t\t\t\t<div class=\"text\">Aristotle maintained the sharp distinct between science and the practical knowledge of artisans, treating theoretical speculation as the highest type of human activity, practical thinking about good living as something ...<\/div>\r\n\t\t\t\t\t<\/div>\r\n\t\t\t\t<\/div>\r\n\t\t\t\t\t\t\t\t<!--Testimonial Block One-->\r\n\t\t\t\t<div class=\"testimonial-block-one\">\r\n\t\t\t\t\t<div class=\"inner-box\">\r\n\t\t\t\t\t\t<div class=\"text\">Aristotle maintained the sharp distinct between science and the practical knowledge of artisans, treating theoretical speculation as the highest type of human activity, practical thinking about good living as something ...<\/div>\r\n\t\t\t\t\t<\/div>\r\n\t\t\t\t<\/div>\r\n\t\t\t\t\t\t\t<\/div>\r\n\t\t\t\r\n\t\t\t<!--Product Thumbs Carousel-->\r\n\t\t\t<div class=\"client-thumb-outer\">\r\n\t\t\t\t<div class=\"client-thumbs-carousel owl-carousel owl-theme\">\r\n                \t\t\t\t\t\t<div class=\"thumb-item\">\r\n\t\t\t\t\t\t<figure class=\"thumb-box\"><\/figure>\r\n\t\t\t\t\t\t<div class=\"thumb-content\">\r\n                        \t<h3>Muhibbur Rashid<\/h3>\r\n\t\t\t\t\t\t\t<div class=\"designation\"><\/div>\r\n\t\t\t\t\t\t<\/div>\r\n\t\t\t\t\t<\/div>\r\n                    \t\t\t\t\t<div class=\"thumb-item\">\r\n\t\t\t\t\t\t<figure class=\"thumb-box\"><\/figure>\r\n\t\t\t\t\t\t<div class=\"thumb-content\">\r\n                        \t<h3>Muhibbur Rashid<\/h3>\r\n\t\t\t\t\t\t\t<div class=\"designation\"><\/div>\r\n\t\t\t\t\t\t<\/div>\r\n\t\t\t\t\t<\/div>\r\n                    \t\t\t\t\t<div class=\"thumb-item\">\r\n\t\t\t\t\t\t<figure class=\"thumb-box\"><\/figure>\r\n\t\t\t\t\t\t<div class=\"thumb-content\">\r\n                        \t<h3>Muhibbur Rashid<\/h3>\r\n\t\t\t\t\t\t\t<div class=\"designation\"><\/div>\r\n\t\t\t\t\t\t<\/div>\r\n\t\t\t\t\t<\/div>\r\n                    \t\t\t\t<\/div>\r\n\t\t\t<\/div>\r\n\t\t\t\r\n\t\t<\/div>\r\n\t<\/div>\r\n<\/section>\r\n<!--End Testimonial Section-->\r\n\r\n<\/div><\/div><\/div><\/div><\/section><section class=\"kc-elm kc-css-863412 kc_row\"><div class=\"kc-row-container\"><div class=\"kc-wrap-columns\"><div class=\"kc-elm kc-css-620229 kc_col-sm-12 kc_column kc_col-sm-12\"><div class=\"kc-col-container\"><!--Call To Action Section-->\r\n<section class=\"call-to-action-section\" style=\"background-image:url(http:\/\/tonatheme.com\/newwp\/huminity\/wp-content\/uploads\/2017\/08\/2.jpg);\">\r\n    <div class=\"auto-container\">\r\n        <h2>Become A Volunteer<\/h2>\r\n        <div class=\"text\">Join with us and become real human being and make the world smile !!<\/div>\r\n        <a href=\"#\" class=\"theme-btn btn-style-three\">Join with Us<\/a>\r\n    <\/div>\r\n<\/section>\r\n<!--End Call To Action Section-->\r\n<\/div><\/div><\/div><\/div><\/section><section class=\"kc-elm kc-css-167296 kc_row\"><div class=\"kc-row-container  kc-container\"><div class=\"kc-wrap-columns\"><div class=\"kc-elm kc-css-697111 kc_col-sm-12 kc_column kc_col-sm-12\"><div class=\"kc-col-container\"><!--Sponsors Section-->\r\n<section class=\"sponsors-section\">\r\n    <div class=\"auto-container\">\r\n        <div class=\"carousel-outer\">\r\n            <!--Sponsors Slider-->\r\n            <ul class=\"sponsors-carousel owl-carousel owl-theme\">\r\n            \t                <li><div class=\"image-box\"><a href=\"#\"><img decoding=\"async\" src=\"https:\/\/business.miyeni.com\/wp-content\/plugins\/kingcomposer\/assets\/images\/get_start.jpg\" alt=\"Authentic\"><\/a><\/div><\/li>\r\n                                <li><div class=\"image-box\"><a href=\"#\"><img decoding=\"async\" src=\"https:\/\/business.miyeni.com\/wp-content\/plugins\/kingcomposer\/assets\/images\/get_start.jpg\" alt=\"Brandstore\"><\/a><\/div><\/li>\r\n                                <li><div class=\"image-box\"><a href=\"#\"><img decoding=\"async\" src=\"https:\/\/business.miyeni.com\/wp-content\/plugins\/kingcomposer\/assets\/images\/get_start.jpg\" alt=\"Hosoren\"><\/a><\/div><\/li>\r\n                                <li><div class=\"image-box\"><a href=\"#\"><img decoding=\"async\" src=\"https:\/\/business.miyeni.com\/wp-content\/plugins\/kingcomposer\/assets\/images\/get_start.jpg\" alt=\"Partnersco\"><\/a><\/div><\/li>\r\n                            <\/ul>\r\n        <\/div>\r\n    <\/div>\r\n<\/section>\r\n<!--End Sponsors Section-->\r\n<\/div><\/div><\/div><\/div><\/section><\/p>","protected":false},"excerpt":{"rendered":"","protected":false},"author":1,"featured_media":0,"parent":0,"menu_order":0,"comment_status":"closed","ping_status":"closed","template":"tpl-king_composer.php","meta":{"footnotes":""},"class_list":["post-174","page","type-page","status-publish","hentry"],"jetpack_sharing_enabled":true,"_links":{"self":[{"href":"https:\/\/business.miyeni.com\/en\/wp-json\/wp\/v2\/pages\/174"}],"collection":[{"href":"https:\/\/business.miyeni.com\/en\/wp-json\/wp\/v2\/pages"}],"about":[{"href":"https:\/\/business.miyeni.com\/en\/wp-json\/wp\/v2\/types\/page"}],"author":[{"embeddable":true,"href":"https:\/\/business.miyeni.com\/en\/wp-json\/wp\/v2\/users\/1"}],"replies":[{"embeddable":true,"href":"https:\/\/business.miyeni.com\/en\/wp-json\/wp\/v2\/comments?post=174"}],"version-history":[{"count":7,"href":"https:\/\/business.miyeni.com\/en\/wp-json\/wp\/v2\/pages\/174\/revisions"}],"predecessor-version":[{"id":574,"href":"https:\/\/business.miyeni.com\/en\/wp-json\/wp\/v2\/pages\/174\/revisions\/574"}],"wp:attachment":[{"href":"https:\/\/business.miyeni.com\/en\/wp-json\/wp\/v2\/media?parent=174"}],"curies":[{"name":"wp","href":"https:\/\/api.w.org\/{rel}","templated":true}]}}